{"id":6655,"date":"2024-05-01T13:51:01","date_gmt":"2024-05-01T11:51:01","guid":{"rendered":"https:\/\/verdeblu.com\/?post_type=product&#038;p=6655"},"modified":"2026-01-26T17:07:55","modified_gmt":"2026-01-26T16:07:55","slug":"s7","status":"publish","type":"product","link":"https:\/\/verdeblu.com\/it\/s7\/","title":{"rendered":"Tansu S7"},"content":{"rendered":"<p><strong> Explorer Yacht S7 <\/strong> \/ Tansu Motor Yacht a Noleggio <\/p>\n<p><strong>S7 <\/strong>\u00e9 un Explorer Yacht di 39,3 m, costruito in Turchia da Tansu Yachts e consegnato nel 2016. La sua velocit\u00e0 massima \u00e8 di 16,0 nodi, la sua velocit\u00e0 di crociera \u00e8 di 13,0 nodi e vanta un&#8217;autonomia massima di crociera di 3.500 nm a 12,0 nodi, con potenza in arrivo da due motori diesel Caterpillar.<br \/>\nIl pluripremiato S7 (ex SEXY FISH) \u00e8 lo yacht pi\u00f9 avanzato costruito fino ad oggi nella serie Tansu Mothership. Offre ingegneria olandese di alta qualit\u00e0, volume impressionante (292 tonnellate) e una zona giorno moderna e luminosa.<\/p>\n<p>Gli spazi esterni dell&#8217;S7 sono davvero ci\u00f2 che distingue questo yacht. Il sorprendente aspetto esterno dello yacht vanta un ponte di poppa allungato, perfetto per godersi il sole, ospitare i tanti water toys e fare esercizio. Il grande prendisole \u00e8 dotato di un bar centrale con vista panoramica e tetto retrattile, oltre a ampi e comodi prendisole. Sul ponte principale ci sono grandi tavoli a specchio con posti a sedere completamente ombreggiati. <br \/> Spostandosi a poppa si arriva ad un lungo ponte di poppa esposto, tipico della tipologia di yachts Explorer, dove gli ospiti hanno vaste aree da utilizzare come desiderano. <\/p>\n<p>Spostandosi all&#8217;interno, S7 continua a stupire.  Gli spazi sono mantenuti semplici, puliti, eleganti e luminosi. Il lungo salone principale ha grandi finestrature che offrono viste generose, cos\u00ec come un gran bel tavolo da pranzo e una cantinetta per i vini all&#8217;estremit\u00e0 di prua.  Aria condizionata, Stabilizzatori all&#8217;ancora, Stabilizzatori in navigazione, Jacuzzi sul ponte, la Palestra,  sono solo alcuni degli innumerevoli conforts a bordo di S7 . Lo yacht \u00e9 stato progettato da Riza Tansu, che ha anche progettato gli interni. L&#8217;architettura navale \u00e8 di Diana Yacht Design, che ha disegnato altri 80 superyacht nel database BOAT Pro, costruiti con ponte in teak, scafo in acciaio e sovrastruttura in alluminio.<\/p>\n<p>S7 rientra nel 30% dei migliori yachts a livello mondiale della sua lunghezza (Loa). Rispetto a yacht a motore di dimensioni simili il suo volume \u00e8 superiore alla media.<\/p>\n<p>S7 \u00e8 registrato sotto la bandiera della Turchia, il decimo stato di bandiera pi\u00f9 popolare per i superyacht con un totale di 192 yacht registrati e fa base a Cannes.<\/p>\n<p><strong>Sistemazione Ospiti<\/strong>:<br \/>\nTutte e 5 le cabine con bagno privato seguono uno stile minimalista simile a quello del salone del ponte superiore. Le suites spaziose e aperte possono ospitare comodamente 10 persone in 5 cabine di cui 3  matrimoniali e 2  Twin. La Master suite, a tutto baglio, comprende uno spazio ufficio e bagni per Lui e per Lei. La suite principale \u00e8 dotata di una Mirror TV.<\/p>\n<p><strong>Equipaggio<\/strong>: S7 vanta un equipaggio internazonale: Il Comandante, Daryn Dalton \u00e8 nato e cresciuto in Sud Africa con ben 19 anni di esperienza nell&#8217;industria degli Yachts. Alexei Gayduk, Chief Officer, \u00e8 nato in Ucraina e cresciuto nella citt\u00e0 costiera di Mar del Plata in<br \/>\nArgentina. Proveniente da una famiglia di marinai, con oltre 14 anni di esperienza<br \/>\nnel settore marittimo, ha iniziato la sua carriera come marinaio e successivamente<br \/>\nsi \u00e8 iscritto all&#8217;Accademia Marittima, per conseguire il suo diploma di Ufficiale di Guardia<br \/>\ned una laurea in Trasporto marittimo. Anche lo chef,  John-Mark &#8220;Markie&#8221; Bland,  \u00e8 nato e cresciuto in Sud Africa ed \u00e8 di origine Inglese.<\/p>\n<p>Guarda il<a href=\"https:\/\/youtu.be\/mmJ5Ss7_MbA?feature=shared\" target=\"_blank\" rel=\"noopener\"> VIDEO QUI<\/a>!<\/p>\n","protected":false},"excerpt":{"rendered":"<p><span style=\"font-weight: bold\">Bassa Stagione:<\/span> \u20ac126.000\/sett<br \/>\n<span style=\"font-weight: bold\">Alta Stagione:<\/span> \u20ac140.000\/sett <br \/\n<span style=\"font-weight: bold\">Lunghezza <\/span>:40 mt <br \/>\n<span style=\"font-weight: bold\">Cabine:<\/span> 5 <br \/>\n<span style=\"font-weight: bold\">Tipo di Yacht:<\/span> Motor Yacht <br \/>\n<span style=\"font-weight: bold\">Anno:<\/span> 2016 refit 2022 <br \/>\n<span style=\"font-weight: bold\">Modello:<\/span> Explorer Yacht <br \/>\n<span style=\"font-weight: bold\">Cantiere:<\/span> Tansu Yacht<\/p>\n","protected":false},"featured_media":6656,"template":"","meta":{"site-sidebar-layout":"default","site-content-layout":"","ast-site-content-layout":"default","site-content-style":"default","site-sidebar-style":"default","ast-global-header-display":"","ast-banner-title-visibility":"","ast-main-header-display":"","ast-hfb-above-header-display":"","ast-hfb-below-header-display":"","ast-hfb-mobile-header-display":"","site-post-title":"","ast-breadcrumbs-content":"","ast-featured-img":"","footer-sml-layout":"","theme-transparent-header-meta":"default","adv-header-id-meta":"","stick-header-meta":"default","header-above-stick-meta":"","header-main-stick-meta":"","header-below-stick-meta":"","astra-migrate-meta-layouts":"set","ast-page-background-enabled":"default","ast-page-background-meta":{"desktop":{"background-color":"var(--ast-global-color-4)","background-image":"","background-repeat":"repeat","background-position":"center center","background-size":"auto","background-attachment":"scroll","background-type":"","background-media":"","overlay-type":"","overlay-color":"","overlay-opacity":"","overlay-gradient":""},"tablet":{"background-color":"","background-image":"","background-repeat":"repeat","background-position":"center center","background-size":"auto","background-attachment":"scroll","background-type":"","background-media":"","overlay-type":"","overlay-color":"","overlay-opacity":"","overlay-gradient":""},"mobile":{"background-color":"","background-image":"","background-repeat":"repeat","background-position":"center center","background-size":"auto","background-attachment":"scroll","background-type":"","background-media":"","overlay-type":"","overlay-color":"","overlay-opacity":"","overlay-gradient":""}},"ast-content-background-meta":{"desktop":{"background-color":"var(--ast-global-color-5)","background-image":"","background-repeat":"repeat","background-position":"center center","background-size":"auto","background-attachment":"scroll","background-type":"","background-media":"","overlay-type":"","overlay-color":"","overlay-opacity":"","overlay-gradient":""},"tablet":{"background-color":"var(--ast-global-color-5)","background-image":"","background-repeat":"repeat","background-position":"center center","background-size":"auto","background-attachment":"scroll","background-type":"","background-media":"","overlay-type":"","overlay-color":"","overlay-opacity":"","overlay-gradient":""},"mobile":{"background-color":"var(--ast-global-color-5)","background-image":"","background-repeat":"repeat","background-position":"center center","background-size":"auto","background-attachment":"scroll","background-type":"","background-media":"","overlay-type":"","overlay-color":"","overlay-opacity":"","overlay-gradient":""}},"_joinchat":[]},"product_cat":[40,1128,81,1145,1123,41,98,77,76,128,90,22,837,1101,85,114,84,1129,122,89,56,127,87,836,1137,112,1146,126,123,772,82,939,99,1124,113,1144,94,97,92,91,118,50,62,124,47],"product_tag":[819,498,521,522,1102],"class_list":{"0":"post-6655","1":"product","2":"type-product","3":"status-publish","4":"has-post-thumbnail","6":"product_cat-noleggio-yacht-mediterraneo","7":"product_cat-noleggio-yacht-bodrum","8":"product_cat-noleggio-yacht-bonifacio","9":"product_cat-noleggio-cannes","10":"product_cat-noleggio-yacht-capri","11":"product_cat-noleggio-yacht-caraibi","12":"product_cat-noleggio-yacht-cinque-terre","13":"product_cat-noleggio-yacht-corsica","14":"product_cat-noleggio-yacht-costa-azzurra","15":"product_cat-noleggio-yacht-costa-smeralda","16":"product_cat-noleggio-yacht-costiera-amalfitana","17":"product_cat-destinazioni-yacht","18":"product_cat-noleggio-yacht-formentera","19":"product_cat-noleggio-yacht-genova","20":"product_cat-noleggio-yacht-ibiza","21":"product_cat-noleggio-yacht-ischia","22":"product_cat-noleggio-yacht-isole-baleari","23":"product_cat-noleggio-yacht-isole-egadi","24":"product_cat-noleggio-yacht-isole-eolie","25":"product_cat-noleggio-yacht-isole-pontine","26":"product_cat-noleggio-yacht-italia","27":"product_cat-noleggio-yacht-la-maddalena","28":"product_cat-noleggio-yacht-liguria","29":"product_cat-noleggio-yacht-maiorca","30":"product_cat-noleggio-yacht-monaco","31":"product_cat-noleggio-yacht-napoli","32":"product_cat-noleggio-yacht-nizza","33":"product_cat-noleggio-yacht-olbia","34":"product_cat-noleggio-yacht-pantelleria","35":"product_cat-noleggio-yacht-porto-cervo","36":"product_cat-noleggio-yacht-porto-vecchio","37":"product_cat-noleggio-yacht-portofino","38":"product_cat-noleggio-yacht-portovenere","39":"product_cat-noleggio-yacht-positano","40":"product_cat-noleggio-yacht-procida","41":"product_cat-noleggio-yacht-saint-tropez","42":"product_cat-noleggio-yacht-sanremo","43":"product_cat-noleggio-yacht-santa-margherita","44":"product_cat-noleggio-yacht-sardegna","45":"product_cat-noleggio-yacht-sicilia","46":"product_cat-noleggio-yacht-sorrento","47":"product_cat-super-yacht-noleggio","48":"product_cat-noleggio-yacht-turchia","49":"product_cat-noleggio-yacht-ustica","50":"product_cat-noleggio-yacht-motore","51":"product_tag-charter","52":"product_tag-34mt-50mt","53":"product_tag-mega-yacht","54":"product_tag-yacht-a-motore","55":"product_tag-yacht-con-equipaggio","56":"pa_lunghezza-39-mt","57":"desktop-align-left","58":"tablet-align-left","59":"mobile-align-left","61":"first","62":"instock","63":"shipping-taxable","64":"product-type-simple"},"acf":[],"_links":{"self":[{"href":"https:\/\/verdeblu.com\/it\/wp-json\/wp\/v2\/product\/6655","targetHints":{"allow":["GET"]}}],"collection":[{"href":"https:\/\/verdeblu.com\/it\/wp-json\/wp\/v2\/product"}],"about":[{"href":"https:\/\/verdeblu.com\/it\/wp-json\/wp\/v2\/types\/product"}],"wp:featuredmedia":[{"embeddable":true,"href":"https:\/\/verdeblu.com\/it\/wp-json\/wp\/v2\/media\/6656"}],"wp:attachment":[{"href":"https:\/\/verdeblu.com\/it\/wp-json\/wp\/v2\/media?parent=6655"}],"wp:term":[{"taxonomy":"product_cat","embeddable":true,"href":"https:\/\/verdeblu.com\/it\/wp-json\/wp\/v2\/product_cat?post=6655"},{"taxonomy":"product_tag","embeddable":true,"href":"https:\/\/verdeblu.com\/it\/wp-json\/wp\/v2\/product_tag?post=6655"}],"curies":[{"name":"wp","href":"https:\/\/api.w.org\/{rel}","templated":true}]}}