{"id":6709,"date":"2024-05-02T11:50:46","date_gmt":"2024-05-02T09:50:46","guid":{"rendered":"https:\/\/verdeblu.com\/?post_type=product&#038;p=6709"},"modified":"2025-11-12T12:39:21","modified_gmt":"2025-11-12T11:39:21","slug":"otoctone","status":"publish","type":"product","link":"https:\/\/verdeblu.com\/it\/otoctone\/","title":{"rendered":"Sunreef 80 Eco Otoctone"},"content":{"rendered":"<p><strong>Sunreef 80 Eco OTOCTONE<\/strong> \/ Catamarano Elettrico Eco Sostenibile a Noleggio<\/p>\n<p>Sunreef Yachts ha recentemente lanciato il catamarano di lusso Eco-sostenibile pi\u00f9 avanzato al mondo. Il Sunreef 80 Eco, completamente elettrico,\u00a0 \u00e8 un&#8217;imbarcazione\u00a0 eco sostenibile che utilizza una rivoluzionaria tecnologia ecologica per una crociera senza carburante in totale silenzio e lusso.<br \/>\nProgettato e costruito per navigare in completa armonia con gli elementi, il Sunreef 80 Eco \u00e8 un pioniere nel mondo dello yachting responsabile.<\/p>\n<p>Unico Sunreef 80 Eco per il charter in Corsica, <strong>OTOCTONE<\/strong> \u00e8 stato costruito su misura per raggiungere l&#8217;eccellenza in termini di lusso, sostenibilit\u00e0 e navigabilit\u00e0.<\/p>\n<p>Dotato di due motori da 180 kW e un set di batterie da 550 kWh, il super cat OTOCTONE \u00e8 dotato del rivoluzionario sistema di energia solare di Sunreef Yachts con pannelli completamente integrati con le strutture composite. Grazie a questa tecnologia, il Sunreef 80 Eco fornisce un&#8217;energia solare senza rivali per un&#8217;autonomia estesa e una navigazione pulita.<\/p>\n<p>Il pozzetto di poppa a tutto baglio offre una fantastica sala da pranzo con vista sull&#8217;oceano, un divano letto, un drink bar e una piattaforma idraulica per godersi lunghe sessioni di sole e sport acquatici. La terrazza di prua di OTOCTONE \u00e8 un meraviglioso rifugio con viste spettacolari. Il flybridge \u00e8 probabilmente il miglior punto di ristoro all&#8217;aperto del catamarano, con un grande tavolo modulare, numerose opzioni di posti a sedere e un bar con barbecue.<\/p>\n<p><strong>Sistemazione ospiti<\/strong>: Il catamarano ha 4 cabine e vanta un layout su misura per ospitare 9 persone con grande eleganza. I suoi interni si distinguono per un look contemporaneo e raffinato, accentuato da mobili di design e tessuti naturali leggeri. Le vetrate panoramiche del salone principale lasciano entrare molta luce naturale, migliorando la sensazione di spazio.<\/p>\n<p><strong>Equipaggio<\/strong>: L&#8221;equipaggio di OTOCTONE \u00e9 composto da 5 membri. Il Comandante, corso, Achilles Lefere, nativo di Porto-Vecchio, forse in una delle aree migliori del Mediterraneo Occidentale dove sviluppare una grande passione per il mare. Completano il team una Chef, francese, e altri tre membri.<\/p>\n<p>Con sede a Porto Vecchio, OTOCTONE navigher\u00e0 in Corsica e Sardegna durante l&#8217;estate 2025. <\/p>\n<p><a href=\"https:\/\/www.youtube.com\/watch?v=RqPjhiLf7os\" target=\"_blank\" rel=\"noopener\">GUARDA IL VIDEO<\/a><br \/>\n<a href=\"https:\/\/www.youtube.com\/watch?v=ra4k0gS122s&amp;t=23s\" target=\"_blank\" rel=\"noopener\">GUARDA IL BACKSTAGE<\/a><\/p>\n","protected":false},"excerpt":{"rendered":"<p><span style=\"font-weight: bold;\">Bassa Stagione:<\/span> 69.000 \u20ac\/sett<br \/>\n<span style=\"font-weight: bold;\">Alta Stagione:<\/span> 89.000 \u20ac\/sett<br \/>\n<span style=\"font-weight: bold;\">Lunghezza mt:<\/span> 23,99<br \/>\n<span style=\"font-weight: bold;\">Cabine:<\/span> 4<br \/>\n<span style=\"font-weight: bold;\">Tipo di Yacht:<\/span> Catamarano<br \/>\n<span style=\"font-weight: bold;\">Anno:<\/span> 2024<br \/>\n<span style=\"font-weight: bold;\">Modello:<\/span> Sunreef 80&#8242; Eco<br \/>\n<span style=\"font-weight: bold;\">Cantiere:<\/span> Sunreef Yachts<\/p>\n","protected":false},"featured_media":6818,"template":"","meta":{"site-sidebar-layout":"default","site-content-layout":"","ast-site-content-layout":"default","site-content-style":"default","site-sidebar-style":"default","ast-global-header-display":"","ast-banner-title-visibility":"","ast-main-header-display":"","ast-hfb-above-header-display":"","ast-hfb-below-header-display":"","ast-hfb-mobile-header-display":"","site-post-title":"","ast-breadcrumbs-content":"","ast-featured-img":"","footer-sml-layout":"","theme-transparent-header-meta":"default","adv-header-id-meta":"","stick-header-meta":"default","header-above-stick-meta":"","header-main-stick-meta":"","header-below-stick-meta":"","astra-migrate-meta-layouts":"set","ast-page-background-enabled":"default","ast-page-background-meta":{"desktop":{"background-color":"var(--ast-global-color-4)","background-image":"","background-repeat":"repeat","background-position":"center center","background-size":"auto","background-attachment":"scroll","background-type":"","background-media":"","overlay-type":"","overlay-color":"","overlay-opacity":"","overlay-gradient":""},"tablet":{"background-color":"","background-image":"","background-repeat":"repeat","background-position":"center center","background-size":"auto","background-attachment":"scroll","background-type":"","background-media":"","overlay-type":"","overlay-color":"","overlay-opacity":"","overlay-gradient":""},"mobile":{"background-color":"","background-image":"","background-repeat":"repeat","background-position":"center center","background-size":"auto","background-attachment":"scroll","background-type":"","background-media":"","overlay-type":"","overlay-color":"","overlay-opacity":"","overlay-gradient":""}},"ast-content-background-meta":{"desktop":{"background-color":"var(--ast-global-color-5)","background-image":"","background-repeat":"repeat","background-position":"center center","background-size":"auto","background-attachment":"scroll","background-type":"","background-media":"","overlay-type":"","overlay-color":"","overlay-opacity":"","overlay-gradient":""},"tablet":{"background-color":"var(--ast-global-color-5)","background-image":"","background-repeat":"repeat","background-position":"center center","background-size":"auto","background-attachment":"scroll","background-type":"","background-media":"","overlay-type":"","overlay-color":"","overlay-opacity":"","overlay-gradient":""},"mobile":{"background-color":"var(--ast-global-color-5)","background-image":"","background-repeat":"repeat","background-position":"center center","background-size":"auto","background-attachment":"scroll","background-type":"","background-media":"","overlay-type":"","overlay-color":"","overlay-opacity":"","overlay-gradient":""}},"_joinchat":[]},"product_cat":[40,81,48,77,56,82,92,53,54],"product_tag":[519,496,830,520],"class_list":{"0":"post-6709","1":"product","2":"type-product","3":"status-publish","4":"has-post-thumbnail","6":"product_cat-noleggio-yacht-mediterraneo","7":"product_cat-noleggio-yacht-bonifacio","8":"product_cat-catamarano-noleggio","9":"product_cat-noleggio-yacht-corsica","10":"product_cat-noleggio-yacht-italia","11":"product_cat-noleggio-yacht-porto-vecchio","12":"product_cat-noleggio-yacht-sardegna","13":"product_cat-noleggio-yacht-solare","14":"product_cat-noleggio-yacht-elettrico","15":"product_tag-catamarano","16":"product_tag-15mt-24mt","17":"product_tag-green-yacht","18":"product_tag-yacht-green","19":"pa_cantieri-sunreef-yachts","20":"pa_lunghezza-24-mt","21":"desktop-align-left","22":"tablet-align-left","23":"mobile-align-left","25":"first","26":"instock","27":"shipping-taxable","28":"product-type-simple"},"acf":[],"_links":{"self":[{"href":"https:\/\/verdeblu.com\/it\/wp-json\/wp\/v2\/product\/6709","targetHints":{"allow":["GET"]}}],"collection":[{"href":"https:\/\/verdeblu.com\/it\/wp-json\/wp\/v2\/product"}],"about":[{"href":"https:\/\/verdeblu.com\/it\/wp-json\/wp\/v2\/types\/product"}],"wp:featuredmedia":[{"embeddable":true,"href":"https:\/\/verdeblu.com\/it\/wp-json\/wp\/v2\/media\/6818"}],"wp:attachment":[{"href":"https:\/\/verdeblu.com\/it\/wp-json\/wp\/v2\/media?parent=6709"}],"wp:term":[{"taxonomy":"product_cat","embeddable":true,"href":"https:\/\/verdeblu.com\/it\/wp-json\/wp\/v2\/product_cat?post=6709"},{"taxonomy":"product_tag","embeddable":true,"href":"https:\/\/verdeblu.com\/it\/wp-json\/wp\/v2\/product_tag?post=6709"}],"curies":[{"name":"wp","href":"https:\/\/api.w.org\/{rel}","templated":true}]}}