{"id":6973,"date":"2024-05-12T21:36:46","date_gmt":"2024-05-12T19:36:46","guid":{"rendered":"https:\/\/verdeblu.com\/?post_type=product&#038;p=6973"},"modified":"2025-04-17T08:08:36","modified_gmt":"2025-04-17T06:08:36","slug":"only-now","status":"publish","type":"product","link":"https:\/\/verdeblu.com\/it\/only-now\/","title":{"rendered":"Only Now"},"content":{"rendered":"<p><strong>ONLY NOW<\/strong> \/ Yacht a motore a Noleggio<\/p>\n<p>Only Now \u00e8 un Motor Yacht di 34,6 m, costruito in Turchia da Tansu Yacht nel 2012 e ristrutturato nel 2021. La sua velocit\u00e0 di crociera \u00e8 di 13,0 nodi ed \u00e8 ideale per famiglie e gruppi di amici che cercano un&#8217;elegante esperienza di crociera.<\/p>\n<p>Questo Tansu interamente in legno combina l&#8217;eccellente ingegneria olandese con un design modernista di ispirazione militare. Nell&#8217;inverno 2020\/21, il proprietario ha investito oltre 750.000 euro in ristrutturazioni e miglioramenti, elevando i suoi gi\u00e0 impareggiabili spazi abitativi esterni e polivalenti. Dopo un&#8217;estensione di 5 metri del ponte superiore, Only Now vanta ben 110 metri quadrati di spazio ricreativo, stabilendo un nuovo standard nel lusso all&#8217;aria aperta per yacht di queste dimensioni.<\/p>\n<p>Lo yacht ospita un impianto audio da 35.000 euro e un impianto karaoke. Una curiosit\u00e0: i divanetti da esterno sono rivestiti in nano tessuto impermeabile e antimacchia e anche dopo la festa pi\u00f9 sfrenata non si macchiano mai di vino n\u00e9 si ungono con residui di cibo, rimanendo sempre impeccabili. L&#8217;aggiunta di un grande schermo cinematografico rotante e impermeabile offre la migliore esperienza cinematografica sotto le stelle. La generosa area esterna di Lei rivaleggia con quella degli yacht pi\u00f9 grandi, rendendola una scelta eccezionale nella categoria lei. \u00c8 completata da una grande piattaforma da bagno che offre un facile accesso all&#8217;acqua per il divertimento degli sport acquatici.<br \/>\nScoprendo gli interni, ci imbattiamo nell&#8217;oasi relax, meticolosamente ristrutturata nel 2019 con pannelli lucidi e caldi pavimenti in rovere per creare atmosfere di calma e relax.<\/p>\n<p><strong>Sistemazione per gli ospiti<\/strong>: Offrendo il perfetto equilibrio tra intrattenimento e relax, SOLO NOW dispone di quattro cabine con bagno privato molto ben arredate per 8 ospiti, tra cui una suite Master con ufficio e bagni per lui e per lei, nonch\u00e9 una spaziosa suite VIP.&lt; \/ p&gt;<\/p>\n<p><strong>Equipaggio<\/strong>: l&#8217;equipaggio di Only Now \u00e8 composto da 8 membri. Il comandante Jason Egan, ha 25 anni di esperienza, pratico, carismatico, affascinante, preparato, \u00e8 nato in America nelle Isole Hawaii e pi\u00f9 precisamente a Maui e considera Only Now una barca molto speciale, diversa dalle altre sul mercato. Le rotte delle crociere sono molteplici, grazie alla sua abilit\u00e0 di navigatore: non c&#8217;\u00e8 posto al mondo che non abbia visitato&#8230; dice la leggenda&#8230; Lo Chef, Serdar,  \u00e8 turco ed \u00e8 a bordo da oltre 7 anni, e conosce perfettamente tutti i segreti per offrire una cucina perfetta e soddisfare tutti i palati.<\/p>\n<p>ONLY NOW percorre con calma le seguenti rotte: Costiera Amalfitana, Corsica, Costa Azzurra , Mediterraneo, Grecia, Turchia, Isole Baleari ecc.<\/p>\n<p>Guarda l&#8217;<a href=\"https:\/\/www.youtube.com\/watch?v=g27YNQPcNYA\" target=\"_blank\" rel=\"noopener\">intervista con il capitano Jason Egan QUI<\/a>!&lt; \/ p&gt;<\/p>\n","protected":false},"excerpt":{"rendered":"<p><span style=\"font-weight: bold;\">Bassa Stagione:<\/span> \u20ac 85.000\/sett<br \/>\n<span style=\"font-weight: bold;\"> 10% discount in June:<\/span> \u20ac 76.500\/sett<\/p>\n<p><span style=\"font-weight: bold;\"> Alta Stagione:<\/span> \u20ac 95.000\/sett<br \/>\n<span style=\"font-weight: bold;\">Lunghezza:<\/span>34,60 metri (128&#8242; 11&#8243;)<br \/>\n<span style=\"font-weight: bold;\">Cabine:<\/span> 4<br \/>\n<span style=\"font-weight: bold;\">Tipo di Yacht:<\/span> Yacht a motore<br \/>\n<span style=\"font-weight: bold;\">Anno:<\/span> 2012 Refit 2021<br \/>\n<span style=\"font-weight: bold;\">Modello:<\/span> Yacht a motore<br \/>\n<span style=\"font-weight: bold;\">Costruttore:<\/span> Tansu Yacht<\/p>\n","protected":false},"featured_media":6992,"template":"","meta":{"site-sidebar-layout":"default","site-content-layout":"","ast-site-content-layout":"default","site-content-style":"default","site-sidebar-style":"default","ast-global-header-display":"","ast-banner-title-visibility":"","ast-main-header-display":"","ast-hfb-above-header-display":"","ast-hfb-below-header-display":"","ast-hfb-mobile-header-display":"","site-post-title":"","ast-breadcrumbs-content":"","ast-featured-img":"","footer-sml-layout":"","theme-transparent-header-meta":"default","adv-header-id-meta":"","stick-header-meta":"default","header-above-stick-meta":"","header-main-stick-meta":"","header-below-stick-meta":"","astra-migrate-meta-layouts":"set","ast-page-background-enabled":"default","ast-page-background-meta":{"desktop":{"background-color":"var(--ast-global-color-4)","background-image":"","background-repeat":"repeat","background-position":"center center","background-size":"auto","background-attachment":"scroll","background-type":"","background-media":"","overlay-type":"","overlay-color":"","overlay-opacity":"","overlay-gradient":""},"tablet":{"background-color":"","background-image":"","background-repeat":"repeat","background-position":"center center","background-size":"auto","background-attachment":"scroll","background-type":"","background-media":"","overlay-type":"","overlay-color":"","overlay-opacity":"","overlay-gradient":""},"mobile":{"background-color":"","background-image":"","background-repeat":"repeat","background-position":"center center","background-size":"auto","background-attachment":"scroll","background-type":"","background-media":"","overlay-type":"","overlay-color":"","overlay-opacity":"","overlay-gradient":""}},"ast-content-background-meta":{"desktop":{"background-color":"var(--ast-global-color-5)","background-image":"","background-repeat":"repeat","background-position":"center center","background-size":"auto","background-attachment":"scroll","background-type":"","background-media":"","overlay-type":"","overlay-color":"","overlay-opacity":"","overlay-gradient":""},"tablet":{"background-color":"var(--ast-global-color-5)","background-image":"","background-repeat":"repeat","background-position":"center center","background-size":"auto","background-attachment":"scroll","background-type":"","background-media":"","overlay-type":"","overlay-color":"","overlay-opacity":"","overlay-gradient":""},"mobile":{"background-color":"var(--ast-global-color-5)","background-image":"","background-repeat":"repeat","background-position":"center center","background-size":"auto","background-attachment":"scroll","background-type":"","background-media":"","overlay-type":"","overlay-color":"","overlay-opacity":"","overlay-gradient":""}},"_joinchat":[]},"product_cat":[1032,1128,1008,77,76,90,59,22,1133,61,787,1136,84,789,1132,1140,56,1009,40,60,112,75,45,62,47,74],"product_tag":[864,860,842,522,863,861],"class_list":{"0":"post-6973","1":"product","2":"type-product","3":"status-publish","4":"has-post-thumbnail","6":"product_cat-noleggio-yacht-atene","7":"product_cat-noleggio-yacht-bodrum","8":"product_cat-corfu-grecia-ionica","9":"product_cat-noleggio-yacht-corsica","10":"product_cat-noleggio-yacht-costa-azzurra","11":"product_cat-noleggio-yacht-costiera-amalfitana","12":"product_cat-noleggio-yacht-croazia","13":"product_cat-destinazioni-yacht","14":"product_cat-noleggio-yacht-dubrovnik","15":"product_cat-noleggio-yacht-grecia","16":"product_cat-grecia-ionica","17":"product_cat-noleggio-yacht-hvar","18":"product_cat-noleggio-yacht-isole-baleari","19":"product_cat-noleggio-yacht-isole-cicladi","20":"product_cat-noleggio-yacht-isole-incoronate","21":"product_cat-noleggio-yacht-isole-ionie","22":"product_cat-noleggio-yacht-italia","23":"product_cat-lefkas-grecia-ionica","24":"product_cat-noleggio-yacht-mediterraneo","25":"product_cat-noleggio-yacht-montenegro","26":"product_cat-noleggio-yacht-napoli","27":"product_cat-noleggio-yacht-spalato","28":"product_cat-tipologie-yacht","29":"product_cat-noleggio-yacht-turchia","30":"product_cat-noleggio-yacht-motore","31":"product_cat-noleggio-yacht-zara","32":"product_tag-motor-yacht-it","33":"product_tag-only-now","34":"product_tag-superyacht","35":"product_tag-yacht-a-motore","36":"product_tag-yacht-a-noleggio","37":"product_tag-yacht-charter","38":"pa_cantieri-tansu","39":"pa_lunghezza-34-mt","40":"desktop-align-left","41":"tablet-align-left","42":"mobile-align-left","44":"first","45":"instock","46":"shipping-taxable","47":"product-type-simple"},"acf":[],"_links":{"self":[{"href":"https:\/\/verdeblu.com\/it\/wp-json\/wp\/v2\/product\/6973","targetHints":{"allow":["GET"]}}],"collection":[{"href":"https:\/\/verdeblu.com\/it\/wp-json\/wp\/v2\/product"}],"about":[{"href":"https:\/\/verdeblu.com\/it\/wp-json\/wp\/v2\/types\/product"}],"wp:featuredmedia":[{"embeddable":true,"href":"https:\/\/verdeblu.com\/it\/wp-json\/wp\/v2\/media\/6992"}],"wp:attachment":[{"href":"https:\/\/verdeblu.com\/it\/wp-json\/wp\/v2\/media?parent=6973"}],"wp:term":[{"taxonomy":"product_cat","embeddable":true,"href":"https:\/\/verdeblu.com\/it\/wp-json\/wp\/v2\/product_cat?post=6973"},{"taxonomy":"product_tag","embeddable":true,"href":"https:\/\/verdeblu.com\/it\/wp-json\/wp\/v2\/product_tag?post=6973"}],"curies":[{"name":"wp","href":"https:\/\/api.w.org\/{rel}","templated":true}]}}