{"id":7086,"date":"2024-05-14T20:32:29","date_gmt":"2024-05-14T18:32:29","guid":{"rendered":"https:\/\/verdeblu.com\/?post_type=product&#038;p=7086"},"modified":"2025-04-17T08:08:00","modified_gmt":"2025-04-17T06:08:00","slug":"atom-2","status":"publish","type":"product","link":"https:\/\/verdeblu.com\/it\/atom-2\/","title":{"rendered":"Atom"},"content":{"rendered":"<p><strong>ATOM <\/strong>\/ Yacht Explorer a Motore a Noleggio<\/p>\n<p>Lo yacht Explorer ATOM di 34 metri \u00e8 stato costruito nel 2007 dal cantiere brasiliano INACE. Nel 2023 lo yacht \u00e8 stato sottoposto ad un completo refitting interno ed esterno. Grazie al suo enorme volume di 273 GT \u00e8 considerato uno degli yacht pi\u00f9 spaziosi di queste dimensioni.<\/p>\n<p>Gli spazi esterni di ATOM sono impressionanti. Il Sun Deck offre una grande vasca idromassaggio per un massimo di quattro persone e un&#8217;area lounge con sedili e chaise longue. Gli interni generosi dell&#8217;Upper Deck sono perfetti per rilassarsi: puoi sederti sul divano davanti alla TV mentre giochi a scacchi. Sul lato esterno gli ospiti troveranno una sala da pranzo che pu\u00f2 ospitare 9 persone. Il ponte principale \u00e8 il luogo ideale per rilassarsi. Il salone \u00e8 dotato di un divano e di una zona pranzo formale. <br \/> Aria condizionata, Stabilizzatori all&#8217;ancora, Stabilizzatori in navigazione, Jacuzzi sul ponte, Connessione WiFi.<br \/>\nGrazie alla sua carena dislocante ha una velocit\u00e0 di crociera di 10 nodi e un consumo di carburante di 160 Litri\/Ora. ATOM \u00e8 dotato di stabilizzatori di navigazione e 4 pinne che conferiscono allo yacht grande stabilit\u00e0<\/p>\n<p><strong>Sistemazione Ospiti<\/strong>:ATOM pu\u00f2 ospitare fino a 9 persone in 4 cabine. La Master suite, Situata sul ponte principale, dispone di 2 cabine armadio e un bagno privato. Il ponte inferiore ospita altre 3 cabine, di cui 2 VIP e 1 doppia con letto pullman.<br \/><\n\n<strong>Equipaggio<\/strong>: L&#8217;esperto equipaggio di 7 persone \u00e8 pronto a guidare gli ospiti nella migliore vacanza in barca attraverso le acque italiane. Il Comandante, Andrea Citelli \u00e8 italiano, parla inglese, francese e spagnolo.<br \/>\nNel tempo libero Andrea pu\u00f2 essere trovato a nuotare o correre. Lo chef,  Mario Pandolfi he ha imparato perfettamente come soddisfare le esigenze degli ospiti, \u00e9 nato in Nord Italia, adora giocare a calcio e guardare films nel suo tempo libero.<\/p>\n","protected":false},"excerpt":{"rendered":"<p><span style=\"font-weight: bold;\">Bassa Stagione:<\/span>80.000 \u20ac\/sett<br \/>\n<span style=\"font-weight: bold;\">Alta Stagione:<\/span>  90.000 \u20ac\/sett<br \/>\n<span style=\"font-weight: bold;\">Lunghezza :<\/span> 35.00 mt(114&#8242; 10&#8243;)<br \/>\n<span style=\"font-weight: bold;\">Cabine:<\/span> 4 (Ospiti 9)<br \/>\n<span style=\"font-weight: bold;\">Tipo di Yacht:<\/span> Yacht a Motore &#8211; Explorer<br \/>\n<span style=\"font-weight: bold;\">Anno:<\/span> 2007 R- efit 2023<br \/>\n<span style=\"font-weight: bold;\">Modello:<\/span> Inace 110<br \/>\n<span style=\"font-weight: bold;\">Cantiere:<\/span> INACE<\/p>\n","protected":false},"featured_media":7087,"template":"","meta":{"site-sidebar-layout":"default","site-content-layout":"","ast-site-content-layout":"default","site-content-style":"default","site-sidebar-style":"default","ast-global-header-display":"","ast-banner-title-visibility":"","ast-main-header-display":"","ast-hfb-above-header-display":"","ast-hfb-below-header-display":"","ast-hfb-mobile-header-display":"","site-post-title":"","ast-breadcrumbs-content":"","ast-featured-img":"","footer-sml-layout":"","theme-transparent-header-meta":"default","adv-header-id-meta":"","stick-header-meta":"default","header-above-stick-meta":"","header-main-stick-meta":"","header-below-stick-meta":"","astra-migrate-meta-layouts":"set","ast-page-background-enabled":"default","ast-page-background-meta":{"desktop":{"background-color":"var(--ast-global-color-4)","background-image":"","background-repeat":"repeat","background-position":"center center","background-size":"auto","background-attachment":"scroll","background-type":"","background-media":"","overlay-type":"","overlay-color":"","overlay-opacity":"","overlay-gradient":""},"tablet":{"background-color":"","background-image":"","background-repeat":"repeat","background-position":"center center","background-size":"auto","background-attachment":"scroll","background-type":"","background-media":"","overlay-type":"","overlay-color":"","overlay-opacity":"","overlay-gradient":""},"mobile":{"background-color":"","background-image":"","background-repeat":"repeat","background-position":"center center","background-size":"auto","background-attachment":"scroll","background-type":"","background-media":"","overlay-type":"","overlay-color":"","overlay-opacity":"","overlay-gradient":""}},"ast-content-background-meta":{"desktop":{"background-color":"var(--ast-global-color-5)","background-image":"","background-repeat":"repeat","background-position":"center center","background-size":"auto","background-attachment":"scroll","background-type":"","background-media":"","overlay-type":"","overlay-color":"","overlay-opacity":"","overlay-gradient":""},"tablet":{"background-color":"var(--ast-global-color-5)","background-image":"","background-repeat":"repeat","background-position":"center center","background-size":"auto","background-attachment":"scroll","background-type":"","background-media":"","overlay-type":"","overlay-color":"","overlay-opacity":"","overlay-gradient":""},"mobile":{"background-color":"var(--ast-global-color-5)","background-image":"","background-repeat":"repeat","background-position":"center center","background-size":"auto","background-attachment":"scroll","background-type":"","background-media":"","overlay-type":"","overlay-color":"","overlay-opacity":"","overlay-gradient":""}},"_joinchat":[]},"product_cat":[22,40,47],"product_tag":[874,819,498,875,798,864,873,842,863],"class_list":{"0":"post-7086","1":"product","2":"type-product","3":"status-publish","4":"has-post-thumbnail","6":"product_cat-destinazioni-yacht","7":"product_cat-noleggio-yacht-mediterraneo","8":"product_cat-noleggio-yacht-motore","9":"product_tag-atom","10":"product_tag-charter","11":"product_tag-34mt-50mt","12":"product_tag-explorer","13":"product_tag-mediterraneo","14":"product_tag-motor-yacht-it","15":"product_tag-noleggio","16":"product_tag-superyacht","17":"product_tag-yacht-a-noleggio","18":"pa_lunghezza-35-mt","19":"desktop-align-left","20":"tablet-align-left","21":"mobile-align-left","23":"first","24":"instock","25":"shipping-taxable","26":"product-type-simple"},"acf":[],"_links":{"self":[{"href":"https:\/\/verdeblu.com\/it\/wp-json\/wp\/v2\/product\/7086","targetHints":{"allow":["GET"]}}],"collection":[{"href":"https:\/\/verdeblu.com\/it\/wp-json\/wp\/v2\/product"}],"about":[{"href":"https:\/\/verdeblu.com\/it\/wp-json\/wp\/v2\/types\/product"}],"wp:featuredmedia":[{"embeddable":true,"href":"https:\/\/verdeblu.com\/it\/wp-json\/wp\/v2\/media\/7087"}],"wp:attachment":[{"href":"https:\/\/verdeblu.com\/it\/wp-json\/wp\/v2\/media?parent=7086"}],"wp:term":[{"taxonomy":"product_cat","embeddable":true,"href":"https:\/\/verdeblu.com\/it\/wp-json\/wp\/v2\/product_cat?post=7086"},{"taxonomy":"product_tag","embeddable":true,"href":"https:\/\/verdeblu.com\/it\/wp-json\/wp\/v2\/product_tag?post=7086"}],"curies":[{"name":"wp","href":"https:\/\/api.w.org\/{rel}","templated":true}]}}