{"id":7238,"date":"2024-05-22T18:44:24","date_gmt":"2024-05-22T16:44:24","guid":{"rendered":"https:\/\/verdeblu.com\/?post_type=product&#038;p=7238"},"modified":"2025-04-17T11:09:02","modified_gmt":"2025-04-17T09:09:02","slug":"don-ciro","status":"publish","type":"product","link":"https:\/\/verdeblu.com\/it\/don-ciro\/","title":{"rendered":"Don Ciro"},"content":{"rendered":"<p><strong>Don Ciro <\/strong> \/ Motor Yacht con Equi\u00e8aggio a Nolggio<\/p>\n<p>Costruito nel 2002 e completamente ristrutturato nel 2019, il Motor yacht Benetti  DON CIRO ha tutto quanto serve per una rilassante vacanza al mare nel Mediterraneo: dalla Costiera Amalfitana alle Isole Pontine o Eolie, in Sicilia, Sardegna, nella Riviera Ligure o Toscana, in Corsica o nello scintillante Sud della Francia.<br \/>\nL&#8217;attuale proprietario l&#8217;ha ristrutturata secondo i pi\u00f9 alti standard di comfort, sicurezza e mobili e finiture di lusso.<\/p>\n<p>Il suo vasto prendisole dotato di hard top e sala da pranzo all&#8217;aperto \u00e8 l&#8217;ideale per rilassarsi tutto il giorno. Ha anche una vasca idromassaggio e un prendisole sul ponte di prua per il divertimento di bambini e adulti.<br \/>\nQuesto Benetti Sail Division 108 offre enormi volumi interni ed esterni, le pi\u00f9 moderne attrezzature per l&#8217;intrattenimento, connessioni SAT Wi-Fi Starlink e una bella gamma di giochi d&#8217;acqua.<\/p>\n<p>L&#8217;elegamte e arioso soffitto del salone di DON CIRO ha un&#8217;altezza di 2 metri. La confortevole area lounge \u00e8 l&#8217;ideale per un drink e chiacchere prima di cena.<\/p>\n<p\/>\n<p><strong>Sistemazione Ospiti<\/strong>:<\/p>\n<p>Don Ciro ha 4 cabine per un totale di 8 ospiti. La cabina armatoriale DON CIRO si trova sul ponte principale. Ha  un letto king size, un divano, un bagno privato con vasca idromassaggio, lavabo, bidet e wc.<br \/>\nLa cabina VIP, a tutto baglio, situata sul ponte inferiore ha un letto king size, una spettacolare cabina armadio, un divano, bagno privato con sky shower, lavabo e bidet.<br \/>\nLe due cabine ospiti doppie sono situate a centro nave, sul ponte inferiore,  e dispongono di una propria discesa. La cabina ospiti di sinistra pu\u00f2 essere trasformata in una cabina con letti matrimoniali, quella di tribordo in una cabina tripla.<br \/>\nQuesta flessibilit\u00e0 \u00e8 utile per un charter composto da tre coppie e quando sono presenti bambini.<br \/>\nEntrambe hanno ampi bagni privati \u200b\u200bcon cabina doccia separata, lavabo, e bidet.<\/p>\n<p><strong>Crew<\/strong>:<\/p>\n<p> L&#8217;Equipaggio di Don Ciro \u00e9 composto di 5 membri. Il Capitano, Salvatore Costagliola, \u00e8 nato nell&#8217;incantevole isola di Procida e ha pi\u00f9 di 23 anni di esperienza di crociera. Giovanni Oteri \u00e8 lo Chef . I piatti di Giovanni sono una fusione armoniosa di tradizione e creativit\u00e0, ogni piatto testimonia il suo profondo legame con il patrimonio culinario siciliano e il suo talento per l&#8217;innovazione.<br \/>\nLa sua dedizione alla ricerca dei migliori ingredienti locali e la sua profonda conoscenza dei sapori si traducono in creazioni gastronomiche che stuzzicano i sensi e lasciano un segno indelebile sul palato. Li assistono una Chief Stewadess, una Hostess ed un Chief Engineer. <\/p>\n","protected":false},"excerpt":{"rendered":"<p><span style=\"font-weight: bold;\">Bassa Stagione:<\/span> 54.000 \u20ac\/sett<br \/>\n<span style=\"font-weight: bold;\">Alta Stagione:<\/span> 59.000 \u20ac\/sett<br \/>\n<span style=\"font-weight: bold;\">Lunghezza mt:<\/span> 33.00 metres (108&#8242; 3&#8243;)<br \/>\n<span style=\"font-weight: bold;\">Cabine:<\/span> 4<br \/>\n<span style=\"font-weight: bold;\">Tipo di Yacht:<\/span> Yacht Motore<br \/>\n<span style=\"font-weight: bold;\">Anno:<\/span> 2002, refit 2019<br \/>\n<span style=\"font-weight: bold;\">Modello:<\/span> Motor Yacht<br \/>\n<span style=\"font-weight: bold;\">Cantiere:<\/span> Benetti Yachts<\/p>\n","protected":false},"featured_media":7261,"template":"","meta":{"site-sidebar-layout":"default","site-content-layout":"","ast-site-content-layout":"default","site-content-style":"default","site-sidebar-style":"default","ast-global-header-display":"","ast-banner-title-visibility":"","ast-main-header-display":"","ast-hfb-above-header-display":"","ast-hfb-below-header-display":"","ast-hfb-mobile-header-display":"","site-post-title":"","ast-breadcrumbs-content":"","ast-featured-img":"","footer-sml-layout":"","theme-transparent-header-meta":"default","adv-header-id-meta":"","stick-header-meta":"default","header-above-stick-meta":"","header-main-stick-meta":"","header-below-stick-meta":"","astra-migrate-meta-layouts":"set","ast-page-background-enabled":"default","ast-page-background-meta":{"desktop":{"background-color":"var(--ast-global-color-4)","background-image":"","background-repeat":"repeat","background-position":"center center","background-size":"auto","background-attachment":"scroll","background-type":"","background-media":"","overlay-type":"","overlay-color":"","overlay-opacity":"","overlay-gradient":""},"tablet":{"background-color":"","background-image":"","background-repeat":"repeat","background-position":"center center","background-size":"auto","background-attachment":"scroll","background-type":"","background-media":"","overlay-type":"","overlay-color":"","overlay-opacity":"","overlay-gradient":""},"mobile":{"background-color":"","background-image":"","background-repeat":"repeat","background-position":"center center","background-size":"auto","background-attachment":"scroll","background-type":"","background-media":"","overlay-type":"","overlay-color":"","overlay-opacity":"","overlay-gradient":""}},"ast-content-background-meta":{"desktop":{"background-color":"var(--ast-global-color-5)","background-image":"","background-repeat":"repeat","background-position":"center center","background-size":"auto","background-attachment":"scroll","background-type":"","background-media":"","overlay-type":"","overlay-color":"","overlay-opacity":"","overlay-gradient":""},"tablet":{"background-color":"var(--ast-global-color-5)","background-image":"","background-repeat":"repeat","background-position":"center center","background-size":"auto","background-attachment":"scroll","background-type":"","background-media":"","overlay-type":"","overlay-color":"","overlay-opacity":"","overlay-gradient":""},"mobile":{"background-color":"var(--ast-global-color-5)","background-image":"","background-repeat":"repeat","background-position":"center center","background-size":"auto","background-attachment":"scroll","background-type":"","background-media":"","overlay-type":"","overlay-color":"","overlay-opacity":"","overlay-gradient":""}},"_joinchat":[]},"product_cat":[88,81,77,76,128,90,22,114,122,89,56,127,87,40,126,108,1017,772,82,113,92,91,118,124,110,47],"product_tag":[497,883,884,885,882,881,842,522,1102],"class_list":{"0":"post-7238","1":"product","2":"type-product","3":"status-publish","4":"has-post-thumbnail","6":"product_cat-noleggio-yacht-arcipelago-toscano","7":"product_cat-noleggio-yacht-bonifacio","8":"product_cat-noleggio-yacht-corsica","9":"product_cat-noleggio-yacht-costa-azzurra","10":"product_cat-noleggio-yacht-costa-smeralda","11":"product_cat-noleggio-yacht-costiera-amalfitana","12":"product_cat-destinazioni-yacht","13":"product_cat-noleggio-yacht-ischia","14":"product_cat-noleggio-yacht-isole-eolie","15":"product_cat-noleggio-yacht-isole-pontine","16":"product_cat-noleggio-yacht-italia","17":"product_cat-noleggio-yacht-la-maddalena","18":"product_cat-noleggio-yacht-liguria","19":"product_cat-noleggio-yacht-mediterraneo","20":"product_cat-noleggio-yacht-olbia","21":"product_cat-noleggio-yacht-palmarola","22":"product_cat-noleggio-yacht-ponza","23":"product_cat-noleggio-yacht-porto-cervo","24":"product_cat-noleggio-yacht-porto-vecchio","25":"product_cat-noleggio-yacht-procida","26":"product_cat-noleggio-yacht-sardegna","27":"product_cat-noleggio-yacht-sicilia","28":"product_cat-noleggio-yacht-sorrento","29":"product_cat-noleggio-yacht-ustica","30":"product_cat-noleggio-yacht-ventotene","31":"product_cat-noleggio-yacht-motore","32":"product_tag-24mt-34mt","33":"product_tag-famiglia","34":"product_tag-family","35":"product_tag-party","36":"product_tag-sicilia","37":"product_tag-sicily","38":"product_tag-superyacht","39":"product_tag-yacht-a-motore","40":"product_tag-yacht-con-equipaggio","41":"desktop-align-left","42":"tablet-align-left","43":"mobile-align-left","45":"first","46":"instock","47":"shipping-taxable","48":"product-type-simple"},"acf":[],"_links":{"self":[{"href":"https:\/\/verdeblu.com\/it\/wp-json\/wp\/v2\/product\/7238","targetHints":{"allow":["GET"]}}],"collection":[{"href":"https:\/\/verdeblu.com\/it\/wp-json\/wp\/v2\/product"}],"about":[{"href":"https:\/\/verdeblu.com\/it\/wp-json\/wp\/v2\/types\/product"}],"wp:featuredmedia":[{"embeddable":true,"href":"https:\/\/verdeblu.com\/it\/wp-json\/wp\/v2\/media\/7261"}],"wp:attachment":[{"href":"https:\/\/verdeblu.com\/it\/wp-json\/wp\/v2\/media?parent=7238"}],"wp:term":[{"taxonomy":"product_cat","embeddable":true,"href":"https:\/\/verdeblu.com\/it\/wp-json\/wp\/v2\/product_cat?post=7238"},{"taxonomy":"product_tag","embeddable":true,"href":"https:\/\/verdeblu.com\/it\/wp-json\/wp\/v2\/product_tag?post=7238"}],"curies":[{"name":"wp","href":"https:\/\/api.w.org\/{rel}","templated":true}]}}