{"id":7572,"date":"2024-06-02T18:51:20","date_gmt":"2024-06-02T16:51:20","guid":{"rendered":"https:\/\/verdeblu.com\/?post_type=product&#038;p=7572"},"modified":"2025-04-17T12:03:18","modified_gmt":"2025-04-17T10:03:18","slug":"lady-rachel-lagoon-620","status":"publish","type":"product","link":"https:\/\/verdeblu.com\/it\/lady-rachel-lagoon-620\/","title":{"rendered":"Lady Rachel Lagoon 620"},"content":{"rendered":"<p><strong>LADY RACHEL Lagoon 620 <\/strong>\/ Catamarano a Vela a Noleggio <\/p>\n<p>Progettato dallo studio di nautica VPLP questo Lagoon 620 offre nuove soluzioni per le esigenze dei diportisti di oggi.<br \/>\nEleganza, comfort e prestazioni.<br \/>\nGli interni completamente rivisitati da Nauta Design, ne fanno un\u2019imbarcazione ancora pi\u00f9 lussuosa e piacevole da vivere.Il catamarano Lagoon 620 Lady Rachel,  4 cabine \u00e8 stato costruito nel 2014 ed \u00e8 fa base in Sicilia al Marina di Capo d\u2019Orlando.<br \/>\nL\u2019attrezzatura include anche randa steccata, verricelli elettrici, radar, plotter GPS interno, griglia per barbecue ed bimini. Lady Rachel dispone anche di un TV a schermo piatto nel salone e nelle cabine, riscaldamento, aria condizionata, lavatrice ed sistema audio. La cucina \u00e8 completamente attrezzata con microonde, lavastoviglie, fabbricatore di ghiaccio, congelatore ed macchina del caff\u00e8.<\/p>\n<p><strong>Sistemazione ospiti<\/strong>: Lady Rachel pu\u00f2 ospitare fino a 8 persone in 4 cabine doppie con bagno e doccia.<\/p>\n<p><strong>Equipaggio<\/strong>: L&#8217;equipaggio di Lady Rachel \u00e9 composto da 3 membri, il Comandante che \u00e8 anche un ottimo chef, una Hostess e un marinaio. <br \/> Il Comandante, Andrea Pezzali, \u00e8 un ottimo pescatore. Se siete appassionati di pesca, dovete  sapere che questo catamarano \u00e8 completamente attrezzato per offrirvi giornate ricche di emozioni e lo Chef \u00e9 pronto a preparare  piatti a base del pescato del giorno quando disponibile.  L&#8217;idea di vacanza a bordo di Lady rachel comprende quindi un gran parte anche l\u2019aspetto gastronomico. Andrea inoltre vi far\u00e0 scoprire le gemme nascoste delle baie pi\u00f9 incantevoli e dei luoghi pi\u00f9 suggestivi, creando ricordi preziosi che dureranno per sempre. L&#8217;equipaggio di Lady Rachel desidera che i propri ospiti portino con s\u00e9 oltre alle luci e ai colori del Mediterraneo, anche i sapori pi\u00f9 veri e le fragranze pi\u00f9 emozionanti.<\/p>\n<p>Guarda il <a href=\"https:\/\/vimeo.com\/114908179\" target=\"_blank\" rel=\"noopener\"> Video QUI<\/a>!< \/p><\/p>\n","protected":false},"excerpt":{"rendered":"<p><span style=\"font-weight: bold;\">Bassa Stagione:<\/span> 21.000 \u20ac\/sett<br \/>\n<span style=\"font-weight: bold;\">Alta Stagione:<\/span> 27.000 \u20ac\/sett<br \/>\n<span style=\"font-weight: bold;\">Lunghezza mt:<\/span> 18,90 m \/ 62&#8242;<br \/>\n<span style=\"font-weight: bold;\">Cabine:<\/span> 4 doppie<br \/>\n<span style=\"font-weight: bold;\">Tipo di Yacht:<\/span> Catamarano<br \/>\n<span style=\"font-weight: bold;\">Anno:<\/span> 2014<br \/>\n<span style=\"font-weight: bold;\">Modello:<\/span> Lagoon 620<br \/>\n<span style=\"font-weight: bold;\">Cantiere:<\/span>Lagoon Yachts<\/p>\n","protected":false},"featured_media":7573,"template":"","meta":{"site-sidebar-layout":"default","site-content-layout":"","ast-site-content-layout":"default","site-content-style":"default","site-sidebar-style":"default","ast-global-header-display":"","ast-banner-title-visibility":"","ast-main-header-display":"","ast-hfb-above-header-display":"","ast-hfb-below-header-display":"","ast-hfb-mobile-header-display":"","site-post-title":"","ast-breadcrumbs-content":"","ast-featured-img":"","footer-sml-layout":"","theme-transparent-header-meta":"default","adv-header-id-meta":"","stick-header-meta":"default","header-above-stick-meta":"","header-main-stick-meta":"","header-below-stick-meta":"","astra-migrate-meta-layouts":"set","ast-page-background-enabled":"default","ast-page-background-meta":{"desktop":{"background-color":"var(--ast-global-color-4)","background-image":"","background-repeat":"repeat","background-position":"center center","background-size":"auto","background-attachment":"scroll","background-type":"","background-media":"","overlay-type":"","overlay-color":"","overlay-opacity":"","overlay-gradient":""},"tablet":{"background-color":"","background-image":"","background-repeat":"repeat","background-position":"center center","background-size":"auto","background-attachment":"scroll","background-type":"","background-media":"","overlay-type":"","overlay-color":"","overlay-opacity":"","overlay-gradient":""},"mobile":{"background-color":"","background-image":"","background-repeat":"repeat","background-position":"center center","background-size":"auto","background-attachment":"scroll","background-type":"","background-media":"","overlay-type":"","overlay-color":"","overlay-opacity":"","overlay-gradient":""}},"ast-content-background-meta":{"desktop":{"background-color":"var(--ast-global-color-5)","background-image":"","background-repeat":"repeat","background-position":"center center","background-size":"auto","background-attachment":"scroll","background-type":"","background-media":"","overlay-type":"","overlay-color":"","overlay-opacity":"","overlay-gradient":""},"tablet":{"background-color":"var(--ast-global-color-5)","background-image":"","background-repeat":"repeat","background-position":"center center","background-size":"auto","background-attachment":"scroll","background-type":"","background-media":"","overlay-type":"","overlay-color":"","overlay-opacity":"","overlay-gradient":""},"mobile":{"background-color":"var(--ast-global-color-5)","background-image":"","background-repeat":"repeat","background-position":"center center","background-size":"auto","background-attachment":"scroll","background-type":"","background-media":"","overlay-type":"","overlay-color":"","overlay-opacity":"","overlay-gradient":""}},"_joinchat":[]},"product_cat":[90,1123,48,114,1129,122,89,112,108,123,1017,1124,113,91,118,124,110],"product_tag":[519,496,895,882],"class_list":{"0":"post-7572","1":"product","2":"type-product","3":"status-publish","4":"has-post-thumbnail","6":"product_cat-noleggio-yacht-costiera-amalfitana","7":"product_cat-noleggio-yacht-capri","8":"product_cat-catamarano-noleggio","9":"product_cat-noleggio-yacht-ischia","10":"product_cat-noleggio-yacht-isole-egadi","11":"product_cat-noleggio-yacht-isole-eolie","12":"product_cat-noleggio-yacht-isole-pontine","13":"product_cat-noleggio-yacht-napoli","14":"product_cat-noleggio-yacht-palmarola","15":"product_cat-noleggio-yacht-pantelleria","16":"product_cat-noleggio-yacht-ponza","17":"product_cat-noleggio-yacht-positano","18":"product_cat-noleggio-yacht-procida","19":"product_cat-noleggio-yacht-sicilia","20":"product_cat-noleggio-yacht-sorrento","21":"product_cat-noleggio-yacht-ustica","22":"product_cat-noleggio-yacht-ventotene","23":"product_tag-catamarano","24":"product_tag-15mt-24mt","25":"product_tag-isole-eolie","26":"product_tag-sicilia","27":"pa_cantieri-lagoon","28":"desktop-align-left","29":"tablet-align-left","30":"mobile-align-left","32":"first","33":"instock","34":"shipping-taxable","35":"product-type-simple"},"acf":[],"_links":{"self":[{"href":"https:\/\/verdeblu.com\/it\/wp-json\/wp\/v2\/product\/7572","targetHints":{"allow":["GET"]}}],"collection":[{"href":"https:\/\/verdeblu.com\/it\/wp-json\/wp\/v2\/product"}],"about":[{"href":"https:\/\/verdeblu.com\/it\/wp-json\/wp\/v2\/types\/product"}],"wp:featuredmedia":[{"embeddable":true,"href":"https:\/\/verdeblu.com\/it\/wp-json\/wp\/v2\/media\/7573"}],"wp:attachment":[{"href":"https:\/\/verdeblu.com\/it\/wp-json\/wp\/v2\/media?parent=7572"}],"wp:term":[{"taxonomy":"product_cat","embeddable":true,"href":"https:\/\/verdeblu.com\/it\/wp-json\/wp\/v2\/product_cat?post=7572"},{"taxonomy":"product_tag","embeddable":true,"href":"https:\/\/verdeblu.com\/it\/wp-json\/wp\/v2\/product_tag?post=7572"}],"curies":[{"name":"wp","href":"https:\/\/api.w.org\/{rel}","templated":true}]}}