{"id":7918,"date":"2024-07-08T14:31:46","date_gmt":"2024-07-08T12:31:46","guid":{"rendered":"https:\/\/verdeblu.com\/?post_type=product&#038;p=7918"},"modified":"2026-02-04T18:46:44","modified_gmt":"2026-02-04T17:46:44","slug":"aloia-80","status":"publish","type":"product","link":"https:\/\/verdeblu.com\/it\/aloia-80\/","title":{"rendered":"Aloia 80"},"content":{"rendered":"<p><strong> Catamarano ALOIA 80, Fountaine Pajot <\/strong> \/ Catamarano con Equipaggio a Noleggio <\/p>\n<p>Il catamarano Aloia 80 costruito dal rinnomato cantiere Fountain Pajot, \u00e8 dotato di un ampio flybridge che offre un&#8217;autentica terrazza sull&#8217;oceano e un pozzetto a prua con ampi posti a sedere, questa nave \u00e8 progettata per offrire il massimo del relax e del divertimento. Sia che tu voglia provare il brivido della navigazione o semplicemente rilassarti sui decadenti salotti e sui lettini prendisole, S\/Y ALOIA 80 ha tutto. Sul ponte di prua \u00e8 anche possibile usufruire della fantastica vasca ad idromassaggio Jacuzzi. La gamma di giochi acquatici \u00e8 sorprendente a bordo dello yacht tra cui moto d&#8217;acqua, 4 Seabob, e-foil. Aloia 80 \u00e8 ovviamente dotato di aria condizionata e wifi.<br \/>\nGi interni sono  sorprendentemente moderni e incredibilmente spaziosi, comfort e lusso ad ogni angolo. <\/p>\n<p><strong> Sistemazione Ospiti<\/strong>:<br \/>\nLo yacht vanta un totale di cinque cabine, tra cui una lussuosa suite armatoriale e quattro cabine queen-size, tutte dotate di bagno privato e cambusa. Ci\u00f2 garantisce che ogni ospite a bordo goda della massima privacy e comodit\u00e0.<\/p>\n<p><strong> Equipaggio<\/strong>: L&#8217;equipaggio \u00e8 di nazionalit\u00e0 greca (tranne uno degli chef che \u00e8 di origine ucraina, Mary Letinska),  compreso il capitano Dimitrios Ntasis, poliglotta e molto professionale, vanta tra le altre cose anche una certificazione medica e culinaria e la patente per guidare una barca a motore. <\/p>\n","protected":false},"excerpt":{"rendered":"<p><span style=\"font-weight: bold;\">Bassa Stagione:<\/span>65.000 \u20ac\/sett<br \/>\n<span style=\"font-weight: bold;\">Alta Stagione:<\/span> 85.500 \u20ac\/sett<br \/>\n<span style=\"font-weight: bold;\">Lunghezza mt:<\/span> 24.38 metres (80&#8242;)<br \/>\n<span style=\"font-weight: bold;\">Cabine:<\/span> 5 doppie, 1 King Beds, 4 Queen Beds<br \/>\n<span style=\"font-weight: bold;\">Tipo di Yacht:<\/span> Sailing Yacht<br \/>\n<span style=\"font-weight: bold;\">Anno:<\/span> 2024<br \/>\n<span style=\"font-weight: bold;\">Modello:<\/span> Catamarano<br \/>\n<span style=\"font-weight: bold;\">Cantiere:<\/span> Fountaine Pajot<\/p>\n","protected":false},"featured_media":7919,"template":"","meta":{"site-sidebar-layout":"default","site-content-layout":"","ast-site-content-layout":"default","site-content-style":"default","site-sidebar-style":"default","ast-global-header-display":"","ast-banner-title-visibility":"","ast-main-header-display":"","ast-hfb-above-header-display":"","ast-hfb-below-header-display":"","ast-hfb-mobile-header-display":"","site-post-title":"","ast-breadcrumbs-content":"","ast-featured-img":"","footer-sml-layout":"","theme-transparent-header-meta":"default","adv-header-id-meta":"","stick-header-meta":"default","header-above-stick-meta":"","header-main-stick-meta":"","header-below-stick-meta":"","astra-migrate-meta-layouts":"set","ast-page-background-enabled":"default","ast-page-background-meta":{"desktop":{"background-color":"var(--ast-global-color-4)","background-image":"","background-repeat":"repeat","background-position":"center center","background-size":"auto","background-attachment":"scroll","background-type":"","background-media":"","overlay-type":"","overlay-color":"","overlay-opacity":"","overlay-gradient":""},"tablet":{"background-color":"","background-image":"","background-repeat":"repeat","background-position":"center center","background-size":"auto","background-attachment":"scroll","background-type":"","background-media":"","overlay-type":"","overlay-color":"","overlay-opacity":"","overlay-gradient":""},"mobile":{"background-color":"","background-image":"","background-repeat":"repeat","background-position":"center center","background-size":"auto","background-attachment":"scroll","background-type":"","background-media":"","overlay-type":"","overlay-color":"","overlay-opacity":"","overlay-gradient":""}},"ast-content-background-meta":{"desktop":{"background-color":"var(--ast-global-color-5)","background-image":"","background-repeat":"repeat","background-position":"center center","background-size":"auto","background-attachment":"scroll","background-type":"","background-media":"","overlay-type":"","overlay-color":"","overlay-opacity":"","overlay-gradient":""},"tablet":{"background-color":"var(--ast-global-color-5)","background-image":"","background-repeat":"repeat","background-position":"center center","background-size":"auto","background-attachment":"scroll","background-type":"","background-media":"","overlay-type":"","overlay-color":"","overlay-opacity":"","overlay-gradient":""},"mobile":{"background-color":"var(--ast-global-color-5)","background-image":"","background-repeat":"repeat","background-position":"center center","background-size":"auto","background-attachment":"scroll","background-type":"","background-media":"","overlay-type":"","overlay-color":"","overlay-opacity":"","overlay-gradient":""}},"_joinchat":[]},"product_cat":[1032,48,1008,61,787,1009,40,788,46],"product_tag":[519,497,951,523,1102],"class_list":{"0":"post-7918","1":"product","2":"type-product","3":"status-publish","4":"has-post-thumbnail","6":"product_cat-noleggio-yacht-atene","7":"product_cat-catamarano-noleggio","8":"product_cat-corfu-grecia-ionica","9":"product_cat-noleggio-yacht-grecia","10":"product_cat-grecia-ionica","11":"product_cat-lefkas-grecia-ionica","12":"product_cat-noleggio-yacht-mediterraneo","13":"product_cat-mikonos","14":"product_cat-noleggio-yacht-vela","15":"product_tag-catamarano","16":"product_tag-24mt-34mt","17":"product_tag-grecia-it","18":"product_tag-yacht-a-vela","19":"product_tag-yacht-con-equipaggio","20":"desktop-align-left","21":"tablet-align-left","22":"mobile-align-left","24":"first","25":"instock","26":"shipping-taxable","27":"product-type-simple"},"acf":[],"_links":{"self":[{"href":"https:\/\/verdeblu.com\/it\/wp-json\/wp\/v2\/product\/7918","targetHints":{"allow":["GET"]}}],"collection":[{"href":"https:\/\/verdeblu.com\/it\/wp-json\/wp\/v2\/product"}],"about":[{"href":"https:\/\/verdeblu.com\/it\/wp-json\/wp\/v2\/types\/product"}],"wp:featuredmedia":[{"embeddable":true,"href":"https:\/\/verdeblu.com\/it\/wp-json\/wp\/v2\/media\/7919"}],"wp:attachment":[{"href":"https:\/\/verdeblu.com\/it\/wp-json\/wp\/v2\/media?parent=7918"}],"wp:term":[{"taxonomy":"product_cat","embeddable":true,"href":"https:\/\/verdeblu.com\/it\/wp-json\/wp\/v2\/product_cat?post=7918"},{"taxonomy":"product_tag","embeddable":true,"href":"https:\/\/verdeblu.com\/it\/wp-json\/wp\/v2\/product_tag?post=7918"}],"curies":[{"name":"wp","href":"https:\/\/api.w.org\/{rel}","templated":true}]}}