{"id":8315,"date":"2024-10-05T17:20:56","date_gmt":"2024-10-05T15:20:56","guid":{"rendered":"https:\/\/verdeblu.com\/?post_type=product&#038;p=8315"},"modified":"2025-04-17T12:01:30","modified_gmt":"2025-04-17T10:01:30","slug":"elba-45","status":"publish","type":"product","link":"https:\/\/verdeblu.com\/it\/elba-45\/","title":{"rendered":"Elba 45"},"content":{"rendered":"<p><strong>Elba 45<\/strong> &#8211; Catamarano a Noleggio<\/p>\n<p>Il catamarano Peter Pan, Elba 45  prodotto dal cantiere Fountaine Pajot \u00e9 un&#8217;imbarcazione progettata per offrire grande comfort in mare dall&#8217;architetto navale francese Olivier Racoupeau. L&#8217;Elba 45 \u00e8 un&#8217;imbarcazione elegante, comfortevole  e versatile. Con un design e linee moderne, questa barca cattura lo sguardo di qualsiasi navigatore. <br \/>\nGli interni sono  spaziosi, confortevoli e accoglienti. Le cabine sono ampie e perfettamente arredate, fornendo un rifugio rilassante sia per gli ospiti che per l&#8217;equipaggio.<\/p>\n<p>L&#8217;Elba 45 vanta un piano velico ben bilanciato e la carena stabile, offre prestazioni eccellenti anche durante forti condizioni di vento. La barca \u00e8 facilmente manovrabile anche con un equipaggio ridotto, con materiali di qualit\u00e0 che garantiscono durata e affidabilit\u00e0 nel tempo.<br \/>\nPeter Pan \u00e8 dotato di un pozzetto spazioso e ben attrezzato, perfetto per godere dei momenti all&#8217;aperto e ammirare il panorama marino circostante.<\/p>\n<p><strong>Sistemazione ospiti<\/strong>: Peter Pan ha 5 cabine doppie con bagno per 11 ospiti e alloggio equipaggio.<\/p>\n<p><strong>Equipaggio<\/strong>: L&#8217;equipaggio \u00e9 composto dallo Skipper ed una Hostess su richiesta.<\/p>\n<p><strong>Testimonial di clienti stagione 2024<\/strong>: &#8221; <em>Vorremmo esprimere la nostra gratitudine agli straordinari padroni di casa. La tua barca \u00e8 fantastica, molto spazio e spazio di stivaggio, vela davvero molto fluida. Un ringraziamento speciale al nostro skipper e al nostro ospite\/chef . Grazie per essere dei padroni di casa eccezionali! Abbiamo trascorso una vacanza fantastica con splendide visite turistiche e navigazione fluida, cibo incredibilmente delizioso e genuino, un&#8217;atmosfera calda e super amichevole, una compagnia molto intelligente e interessante! Apprezziamo tutto quello che hai fatto per noi! Spero di poter fare un&#8217;altra vela con te! Buona fortuna per tutte le tue avventure!<\/em> &#8221;<\/p>\n","protected":false},"excerpt":{"rendered":"<p><span style=\"font-weight: bold;\">Bassa Stagione:<\/span> 6.500 \u20ac\/sett + Extras<br \/>\n<span style=\"font-weight: bold;\">Media Stagione:<\/span> 9.400 \u20ac\/sett + Extras<br \/>\n<span style=\"font-weight: bold;\">Alta Stagione:<\/span> 12,500 \u20ac\/sett + Extras<br \/>\n<span style=\"font-weight: bold;\">Lunghezza mt:<\/span> 13,45m \/ 45&#8242;<br \/>\n<span style=\"font-weight: bold;\">Cabine:<\/span> 5 doppie con bagno privato<br \/>\n<span style=\"font-weight: bold;\">Tipo di Yacht:<\/span> Catamarano<br \/>\n<span style=\"font-weight: bold;\">Anno:<\/span> 2020<br \/>\n<span style=\"font-weight: bold;\">Modello:<\/span> Elba 45<br \/>\n<span style=\"font-weight: bold;\">Cantiere:<\/span> Fountain Pajot<\/p>\n","protected":false},"featured_media":8317,"template":"","meta":{"site-sidebar-layout":"default","site-content-layout":"","ast-site-content-layout":"default","site-content-style":"default","site-sidebar-style":"default","ast-global-header-display":"","ast-banner-title-visibility":"","ast-main-header-display":"","ast-hfb-above-header-display":"","ast-hfb-below-header-display":"","ast-hfb-mobile-header-display":"","site-post-title":"","ast-breadcrumbs-content":"","ast-featured-img":"","footer-sml-layout":"","theme-transparent-header-meta":"default","adv-header-id-meta":"","stick-header-meta":"default","header-above-stick-meta":"","header-main-stick-meta":"","header-below-stick-meta":"","astra-migrate-meta-layouts":"set","ast-page-background-enabled":"default","ast-page-background-meta":{"desktop":{"background-color":"var(--ast-global-color-4)","background-image":"","background-repeat":"repeat","background-position":"center center","background-size":"auto","background-attachment":"scroll","background-type":"","background-media":"","overlay-type":"","overlay-color":"","overlay-opacity":"","overlay-gradient":""},"tablet":{"background-color":"","background-image":"","background-repeat":"repeat","background-position":"center center","background-size":"auto","background-attachment":"scroll","background-type":"","background-media":"","overlay-type":"","overlay-color":"","overlay-opacity":"","overlay-gradient":""},"mobile":{"background-color":"","background-image":"","background-repeat":"repeat","background-position":"center center","background-size":"auto","background-attachment":"scroll","background-type":"","background-media":"","overlay-type":"","overlay-color":"","overlay-opacity":"","overlay-gradient":""}},"ast-content-background-meta":{"desktop":{"background-color":"var(--ast-global-color-5)","background-image":"","background-repeat":"repeat","background-position":"center center","background-size":"auto","background-attachment":"scroll","background-type":"","background-media":"","overlay-type":"","overlay-color":"","overlay-opacity":"","overlay-gradient":""},"tablet":{"background-color":"var(--ast-global-color-5)","background-image":"","background-repeat":"repeat","background-position":"center center","background-size":"auto","background-attachment":"scroll","background-type":"","background-media":"","overlay-type":"","overlay-color":"","overlay-opacity":"","overlay-gradient":""},"mobile":{"background-color":"var(--ast-global-color-5)","background-image":"","background-repeat":"repeat","background-position":"center center","background-size":"auto","background-attachment":"scroll","background-type":"","background-media":"","overlay-type":"","overlay-color":"","overlay-opacity":"","overlay-gradient":""}},"_joinchat":[]},"product_cat":[90,1123,48,114,89,112,108,1017,1124,113,118,110],"product_tag":[519],"class_list":{"0":"post-8315","1":"product","2":"type-product","3":"status-publish","4":"has-post-thumbnail","6":"product_cat-noleggio-yacht-costiera-amalfitana","7":"product_cat-noleggio-yacht-capri","8":"product_cat-catamarano-noleggio","9":"product_cat-noleggio-yacht-ischia","10":"product_cat-noleggio-yacht-isole-pontine","11":"product_cat-noleggio-yacht-napoli","12":"product_cat-noleggio-yacht-palmarola","13":"product_cat-noleggio-yacht-ponza","14":"product_cat-noleggio-yacht-positano","15":"product_cat-noleggio-yacht-procida","16":"product_cat-noleggio-yacht-sorrento","17":"product_cat-noleggio-yacht-ventotene","18":"product_tag-catamarano","19":"pa_cantieri-fountain-pajot","20":"pa_lunghezza-970","21":"desktop-align-left","22":"tablet-align-left","23":"mobile-align-left","25":"first","26":"instock","27":"shipping-taxable","28":"product-type-simple"},"acf":[],"_links":{"self":[{"href":"https:\/\/verdeblu.com\/it\/wp-json\/wp\/v2\/product\/8315","targetHints":{"allow":["GET"]}}],"collection":[{"href":"https:\/\/verdeblu.com\/it\/wp-json\/wp\/v2\/product"}],"about":[{"href":"https:\/\/verdeblu.com\/it\/wp-json\/wp\/v2\/types\/product"}],"wp:featuredmedia":[{"embeddable":true,"href":"https:\/\/verdeblu.com\/it\/wp-json\/wp\/v2\/media\/8317"}],"wp:attachment":[{"href":"https:\/\/verdeblu.com\/it\/wp-json\/wp\/v2\/media?parent=8315"}],"wp:term":[{"taxonomy":"product_cat","embeddable":true,"href":"https:\/\/verdeblu.com\/it\/wp-json\/wp\/v2\/product_cat?post=8315"},{"taxonomy":"product_tag","embeddable":true,"href":"https:\/\/verdeblu.com\/it\/wp-json\/wp\/v2\/product_tag?post=8315"}],"curies":[{"name":"wp","href":"https:\/\/api.w.org\/{rel}","templated":true}]}}