{"id":8468,"date":"2024-10-18T15:22:03","date_gmt":"2024-10-18T13:22:03","guid":{"rendered":"https:\/\/verdeblu.com\/thyke-iii\/"},"modified":"2025-11-07T07:41:48","modified_gmt":"2025-11-07T06:41:48","slug":"thyke-iii","status":"publish","type":"product","link":"https:\/\/verdeblu.com\/it\/thyke-iii\/","title":{"rendered":"Thyke III"},"content":{"rendered":"<p><strong>THYKE III<\/strong>\/ Motor Yacht con Equipaggio a Noleggio <\/p>\n<p>Disponibile per charter in Sardegna, Poltu Quatu, THYKE III, Pershing 90 refittato nel 2024, \u00e8 rinomato per il suo design elegante, le alte prestazioni e i servizi di lusso che offrono comfort e stile senza precedenti sull&#8217;acqua. <br \/>\nTHYKE III pu\u00f2 essere noleggiato ovunque in Italia, ma saranno applicati costi di consegna da Poltu Qualtu, Sardegna.<br \/>\nTHYKE III offre la perfetta combinazione di velocit\u00e0, comfort e stile ad una velocit\u00e0 massima di 42 nodi. Lo yavcht ha arredi grigi sportivi ma eleganti  sia che stiate in crociera o all&#8217;ancora. <\/p>\n<p>Gli interni sono eleganti decorati con pannelli in legno chiaro e sorprendenti accenti neri, trasudando raffinatezza sull&#8217;acqua. Perfetto per socializzare e intrattenere, THYKE III offre straordinarie strutture per il tempo libero e l&#8217;intrattenimento.\u200b<\/p>\n<p><strong>Sistemazione ospiti<\/strong>: 4 cabine per 9 ospiti. La spaziosa cabina armatoriale \u00e8 inondata di luce naturale, dotata di una grande TV  a parete e di un lussuoso bagno privato con lavabo per lui e per lei. La cabina VIP offre ampio spazio e una propria TV montata a parete, mentre una terza cabina matrimoniale e una cabina twin con letto pulman  rendono questo yacht ideale per le famiglie o grppi di amici  che cercano il massimo rifugio per le vacanze. <\/p>\n<p><strong>Equipaggio<\/strong>: THYKE III \u00e8 guidato dal Capitano Domenico, un dinamico marinaio siciliano la cui passione per il mare \u00e8 abbinata alla sua impareggiabile capacit\u00e0 di problem solving, e da altri 3 membri (Chef, Hostess e Deck-hand). Maria Anna de Gregorio, la Chef. Questo dicono di lei: &#8221; I piatti di Marianna non sono solo una festa per il palato ma anche un viaggio che unisce i continenti, promettendo un&#8217;avventura gastronomica memorabile come i mari che solcherete&#8221;<\/p>\n","protected":false},"excerpt":{"rendered":"<p><span style=\"font-weight: bold;\">Bassa  Stagione:<\/span> 45.000 \u20ac\/week<br \/>\n<span style=\"font-weight: bold;\">Alta Stagione:<\/span> 55.000 \u20ac\/week<br \/>\n<span style=\"font-weight: bold;\">Lungh. mt:<\/span> 27.50 mt (80&#8242;)<br \/>\n<span style=\"font-weight: bold;\">Cabine:<\/span> 3 doppie , 1 twin con letto pulman  <br \/>\n<span style=\"font-weight: bold;\">Tipo di Yacht:<\/span> Motor Yacht<br \/>\n<span style=\"font-weight: bold;\">Year:<\/span> 2008 \/2024<br \/>\n<span style=\"font-weight: bold;\">Model:<\/span>  Pershing 90&#8242;<br \/>\n<span style=\"font-weight: bold;\">Cantiere:<\/span> Pershing <\/p>\n","protected":false},"featured_media":8466,"template":"","meta":{"site-sidebar-layout":"default","site-content-layout":"","ast-site-content-layout":"default","site-content-style":"default","site-sidebar-style":"default","ast-global-header-display":"","ast-banner-title-visibility":"","ast-main-header-display":"","ast-hfb-above-header-display":"","ast-hfb-below-header-display":"","ast-hfb-mobile-header-display":"","site-post-title":"","ast-breadcrumbs-content":"","ast-featured-img":"","footer-sml-layout":"","theme-transparent-header-meta":"default","adv-header-id-meta":"","stick-header-meta":"default","header-above-stick-meta":"","header-main-stick-meta":"","header-below-stick-meta":"","astra-migrate-meta-layouts":"set","ast-page-background-enabled":"default","ast-page-background-meta":{"desktop":{"background-color":"var(--ast-global-color-4)","background-image":"","background-repeat":"repeat","background-position":"center center","background-size":"auto","background-attachment":"scroll","background-type":"","background-media":"","overlay-type":"","overlay-color":"","overlay-opacity":"","overlay-gradient":""},"tablet":{"background-color":"","background-image":"","background-repeat":"repeat","background-position":"center center","background-size":"auto","background-attachment":"scroll","background-type":"","background-media":"","overlay-type":"","overlay-color":"","overlay-opacity":"","overlay-gradient":""},"mobile":{"background-color":"","background-image":"","background-repeat":"repeat","background-position":"center center","background-size":"auto","background-attachment":"scroll","background-type":"","background-media":"","overlay-type":"","overlay-color":"","overlay-opacity":"","overlay-gradient":""}},"ast-content-background-meta":{"desktop":{"background-color":"var(--ast-global-color-5)","background-image":"","background-repeat":"repeat","background-position":"center center","background-size":"auto","background-attachment":"scroll","background-type":"","background-media":"","overlay-type":"","overlay-color":"","overlay-opacity":"","overlay-gradient":""},"tablet":{"background-color":"var(--ast-global-color-5)","background-image":"","background-repeat":"repeat","background-position":"center center","background-size":"auto","background-attachment":"scroll","background-type":"","background-media":"","overlay-type":"","overlay-color":"","overlay-opacity":"","overlay-gradient":""},"mobile":{"background-color":"var(--ast-global-color-5)","background-image":"","background-repeat":"repeat","background-position":"center center","background-size":"auto","background-attachment":"scroll","background-type":"","background-media":"","overlay-type":"","overlay-color":"","overlay-opacity":"","overlay-gradient":""}},"_joinchat":[]},"product_cat":[77,128,56,92],"product_tag":[497,968,522,863],"class_list":{"0":"post-8468","1":"product","2":"type-product","3":"status-publish","4":"has-post-thumbnail","6":"product_cat-noleggio-yacht-corsica","7":"product_cat-noleggio-yacht-costa-smeralda","8":"product_cat-noleggio-yacht-italia","9":"product_cat-noleggio-yacht-sardegna","10":"product_tag-24mt-34mt","11":"product_tag-sardinia","12":"product_tag-yacht-a-motore","13":"product_tag-yacht-a-noleggio","14":"pa_cantieri-pershing","15":"pa_lunghezza-27-mt","16":"desktop-align-left","17":"tablet-align-left","18":"mobile-align-left","20":"first","21":"instock","22":"shipping-taxable","23":"product-type-simple"},"acf":[],"_links":{"self":[{"href":"https:\/\/verdeblu.com\/it\/wp-json\/wp\/v2\/product\/8468","targetHints":{"allow":["GET"]}}],"collection":[{"href":"https:\/\/verdeblu.com\/it\/wp-json\/wp\/v2\/product"}],"about":[{"href":"https:\/\/verdeblu.com\/it\/wp-json\/wp\/v2\/types\/product"}],"wp:featuredmedia":[{"embeddable":true,"href":"https:\/\/verdeblu.com\/it\/wp-json\/wp\/v2\/media\/8466"}],"wp:attachment":[{"href":"https:\/\/verdeblu.com\/it\/wp-json\/wp\/v2\/media?parent=8468"}],"wp:term":[{"taxonomy":"product_cat","embeddable":true,"href":"https:\/\/verdeblu.com\/it\/wp-json\/wp\/v2\/product_cat?post=8468"},{"taxonomy":"product_tag","embeddable":true,"href":"https:\/\/verdeblu.com\/it\/wp-json\/wp\/v2\/product_tag?post=8468"}],"curies":[{"name":"wp","href":"https:\/\/api.w.org\/{rel}","templated":true}]}}