{"id":8553,"date":"2024-10-22T16:15:19","date_gmt":"2024-10-22T14:15:19","guid":{"rendered":"https:\/\/verdeblu.com\/?post_type=product&#038;p=8553"},"modified":"2025-12-04T17:05:20","modified_gmt":"2025-12-04T16:05:20","slug":"apreamare-magistra","status":"publish","type":"product","link":"https:\/\/verdeblu.com\/it\/apreamare-magistra\/","title":{"rendered":"Apreamare Magistra"},"content":{"rendered":"<p><strong>Apreamare MAGISTRA<\/strong> \/  Motor Yacht\/Gozzo Apreamare 60 con Equipaggio a Noleggio<\/p>\n<p><strong>MAAGISTRA<\/strong>, uno yacht\/gozzo sorrentino, realizzato a Sorrento dal cantiere Apreamare, \u00e8 sinonimo di qualit\u00e0, tradizione e integrit\u00e0 del design. Rinomato come la &#8220;Bentley del mare&#8221;, sofisticato e spazioso, coniuga lo stile tradizionale con un design moderno e classico. Affidabile, confortevole, ma soprattutto agile e veloce. Le eleganti linee di coperta dell&#8217;Apreamare 60, con l&#8217;ampio camminamento laterale, consentono di muoversi con grande facilit\u00e0. L&#8217;ampio prendisole e i divani offrono ampie aree per rilassarsi e prendere il sole. L&#8217;epitome degli yacht italiani di alta gamma per chi desidera noleggiare con eleganza e stile. \u00c8 la scelta perfetta per godersi lo splendore della Costiera Amalfitana, delle isole Pontine, e altre aree su richiesta e disponibilit\u00e0 di booking.<\/p>\n<p><strong>Sistemazione ospiti<\/strong>: Magistra ospita 6 persone in tre cabine con bagno (1 Mater, 1 Vip ed una Twin trasformabile) e fino a 12 per crociere giornaliere. <\/p>\n<p><strong>Equipaggio<\/strong>: L&#8217;equipaggio di Magistra \u00e9 composto da 2 membri, il Comandante Fabio Nitti, nato in Puglia, ha imparato a navigare fin da piccolo. \u00c8 entrato nel settore dello yachting nel 2020 lavorando come primo ufficiale su<br \/>\nyacht a motore oltre i 90 piedi e come comandante su yacht pi\u00f9 piccoli a noleggio nella zona della Costiera Amalfitana, di cui conosce molto bene le baie e i pittoreschi borghi che si affacciano sulla costa. Si affianca a lui una deliziosa brava Hostess anche ottima Cuoca.<\/p>\n<p><a href=\"https:\/\/youtu.be\/TJg76v1ItwA\" target=\"_blank\" rel=\"noopener\"> Guarda ilVideo di Magistra<\/a><\/p>\n<p>&nbsp;<\/p>\n","protected":false},"excerpt":{"rendered":"<p><span style=\"font-weight: bold;\">Bassa Stagione:<\/span> 17.600 \u20ac\/sett<br \/>\n<span style=\"font-weight: bold;\">Alta Stagione:<\/span> 23.400\u20ac\/sett<br \/>\n<span style=\"font-weight: bold;\">Day Charter:<\/span> 2.800\/3.350 \u20ac<br \/>\n<span style=\"font-weight: bold;\">Lunghezza mt:<\/span> 18,20<br \/>\n<span style=\"font-weight: bold;\">Cabine:<\/span> 3<br \/>\n<span style=\"font-weight: bold;\">Tipo di Yacht:<\/span> Motor Yacht<br \/>\n<span style=\"font-weight: bold;\">Modello:<\/span> Apreamare 60<br \/>\n<span style=\"font-weight: bold;\">Anno:<\/span> 2007- Refit 2024<br \/>\n<span style=\"font-weight: bold;\">Cantiere: <\/span> Apreamare<\/p>\n","protected":false},"featured_media":9055,"template":"","meta":{"site-sidebar-layout":"default","site-content-layout":"","ast-site-content-layout":"default","site-content-style":"default","site-sidebar-style":"default","ast-global-header-display":"","ast-banner-title-visibility":"","ast-main-header-display":"","ast-hfb-above-header-display":"","ast-hfb-below-header-display":"","ast-hfb-mobile-header-display":"","site-post-title":"","ast-breadcrumbs-content":"","ast-featured-img":"","footer-sml-layout":"","theme-transparent-header-meta":"default","adv-header-id-meta":"","stick-header-meta":"default","header-above-stick-meta":"","header-main-stick-meta":"","header-below-stick-meta":"","astra-migrate-meta-layouts":"set","ast-page-background-enabled":"default","ast-page-background-meta":{"desktop":{"background-color":"var(--ast-global-color-4)","background-image":"","background-repeat":"repeat","background-position":"center center","background-size":"auto","background-attachment":"scroll","background-type":"","background-media":"","overlay-type":"","overlay-color":"","overlay-opacity":"","overlay-gradient":""},"tablet":{"background-color":"","background-image":"","background-repeat":"repeat","background-position":"center center","background-size":"auto","background-attachment":"scroll","background-type":"","background-media":"","overlay-type":"","overlay-color":"","overlay-opacity":"","overlay-gradient":""},"mobile":{"background-color":"","background-image":"","background-repeat":"repeat","background-position":"center center","background-size":"auto","background-attachment":"scroll","background-type":"","background-media":"","overlay-type":"","overlay-color":"","overlay-opacity":"","overlay-gradient":""}},"ast-content-background-meta":{"desktop":{"background-color":"var(--ast-global-color-5)","background-image":"","background-repeat":"repeat","background-position":"center center","background-size":"auto","background-attachment":"scroll","background-type":"","background-media":"","overlay-type":"","overlay-color":"","overlay-opacity":"","overlay-gradient":""},"tablet":{"background-color":"var(--ast-global-color-5)","background-image":"","background-repeat":"repeat","background-position":"center center","background-size":"auto","background-attachment":"scroll","background-type":"","background-media":"","overlay-type":"","overlay-color":"","overlay-opacity":"","overlay-gradient":""},"mobile":{"background-color":"var(--ast-global-color-5)","background-image":"","background-repeat":"repeat","background-position":"center center","background-size":"auto","background-attachment":"scroll","background-type":"","background-media":"","overlay-type":"","overlay-color":"","overlay-opacity":"","overlay-gradient":""}},"_joinchat":[]},"product_cat":[1123,90,22,114,89,56,112,108,1017,1124,113,118,45,110,47],"product_tag":[496,864,863,1102],"class_list":{"0":"post-8553","1":"product","2":"type-product","3":"status-publish","4":"has-post-thumbnail","6":"product_cat-noleggio-yacht-capri","7":"product_cat-noleggio-yacht-costiera-amalfitana","8":"product_cat-destinazioni-yacht","9":"product_cat-noleggio-yacht-ischia","10":"product_cat-noleggio-yacht-isole-pontine","11":"product_cat-noleggio-yacht-italia","12":"product_cat-noleggio-yacht-napoli","13":"product_cat-noleggio-yacht-palmarola","14":"product_cat-noleggio-yacht-ponza","15":"product_cat-noleggio-yacht-positano","16":"product_cat-noleggio-yacht-procida","17":"product_cat-noleggio-yacht-sorrento","18":"product_cat-tipologie-yacht","19":"product_cat-noleggio-yacht-ventotene","20":"product_cat-noleggio-yacht-motore","21":"product_tag-15mt-24mt","22":"product_tag-motor-yacht-it","23":"product_tag-yacht-a-noleggio","24":"product_tag-yacht-con-equipaggio","25":"pa_lunghezza-32","26":"desktop-align-left","27":"tablet-align-left","28":"mobile-align-left","30":"first","31":"instock","32":"shipping-taxable","33":"product-type-simple"},"acf":[],"_links":{"self":[{"href":"https:\/\/verdeblu.com\/it\/wp-json\/wp\/v2\/product\/8553","targetHints":{"allow":["GET"]}}],"collection":[{"href":"https:\/\/verdeblu.com\/it\/wp-json\/wp\/v2\/product"}],"about":[{"href":"https:\/\/verdeblu.com\/it\/wp-json\/wp\/v2\/types\/product"}],"wp:featuredmedia":[{"embeddable":true,"href":"https:\/\/verdeblu.com\/it\/wp-json\/wp\/v2\/media\/9055"}],"wp:attachment":[{"href":"https:\/\/verdeblu.com\/it\/wp-json\/wp\/v2\/media?parent=8553"}],"wp:term":[{"taxonomy":"product_cat","embeddable":true,"href":"https:\/\/verdeblu.com\/it\/wp-json\/wp\/v2\/product_cat?post=8553"},{"taxonomy":"product_tag","embeddable":true,"href":"https:\/\/verdeblu.com\/it\/wp-json\/wp\/v2\/product_tag?post=8553"}],"curies":[{"name":"wp","href":"https:\/\/api.w.org\/{rel}","templated":true}]}}