{"id":8579,"date":"2024-10-22T21:45:42","date_gmt":"2024-10-22T19:45:42","guid":{"rendered":"https:\/\/verdeblu.com\/?post_type=product&#038;p=8579"},"modified":"2025-04-17T08:06:48","modified_gmt":"2025-04-17T06:06:48","slug":"veles","status":"publish","type":"product","link":"https:\/\/verdeblu.com\/it\/veles\/","title":{"rendered":"Veles"},"content":{"rendered":"<p><strong>Veles<\/strong> \/ Motor Yacht con Equipaggio a Noleggio <\/p>\n<p>VELES, Motor Yacht costruito nel 2016 dal cantiere italiano Pershing e refitted nel 2022.<br \/>\nIl Pershing 70\u2032 Veles, yacht a noleggio in Tirreno,  \u00e8 caratterizzato da linee sportive e dinamiche e da un design innovativo. Si distingue per le sue forme futuristiche e imponenti, esaltate da una palette di colori accuratamente selezionati e da un layout strutturale nuovo e anticonvenzionale.<br \/>\nGli ospiti possono sedere comodamente nel pozzetto, avvolti dal silenzio, mentre il Pershing 70\u2032 Veles solca le onde a oltre 46 nodi e il mare scorre velocemente attraverso le finestre laterali. Il merito di questo eccezionale mix di velocit\u00e0, comfort e prestazioni, \u00e8 da attribuire al progetto che fonde estetica e funzionalit\u00e0, senza trascurare la tecnologia e la potenza dei suoi motori.<\/p>\n<p><strong>Sistemazione Ospiti<\/strong>:  Lo yacht pu\u00f2 ospitare 6 persone in 3 cabine con bagno: una Master , 1 Vip ed una Twin.<\/p>\n<p><strong>Equipaggio<\/strong>: Veles \u00e9 guidata da due membri equipaggio: il Comandante italiano Daniele De Angelis (ligure, nato nelle 5 Terre) e la Hostess Elly Hanaliah (indonesiana)<\/p>\n","protected":false},"excerpt":{"rendered":"<p><span style=\"font-weight: bold\">Bassa Stagione:<\/span> 45.000 \u20ac\/sett<br \/>\n<span style=\"font-weight: bold\">Alta Stagione:<\/span> 49.000 \u20ac\/sett<br \/>\n<span style=\"font-weight: bold\">Day Charter:<\/span> 9.200 \u20ac\/day <br \/>\n<span style=\"font-weight: bold\">Lungh mt:<\/span> 20,80<br \/>\n<span style=\"font-weight: bold\">Cabine:<\/span> 3  \/ <strong> Crew: <\/strong>2<br \/>\n<span style=\"font-weight: bold\">Tipo di Yacht:<\/span> Motor Yacht <br \/>\n<span style=\"font-weight: bold\">Anno:<\/span> 2016- Refit 2022 <br \/>\n<span style=\"font-weight: bold\">Model: <\/span> Pershing 70<br \/>\n<span style=\"font-weight: bold\">Cantiere: <\/span> Pershing<br \/>\n<span style=\"font-weight: bold\">Area di Navigazione: <\/span> italian &#038; french Riviera<\/p>\n","protected":false},"featured_media":8580,"template":"","meta":{"site-sidebar-layout":"default","site-content-layout":"","ast-site-content-layout":"default","site-content-style":"default","site-sidebar-style":"default","ast-global-header-display":"","ast-banner-title-visibility":"","ast-main-header-display":"","ast-hfb-above-header-display":"","ast-hfb-below-header-display":"","ast-hfb-mobile-header-display":"","site-post-title":"","ast-breadcrumbs-content":"","ast-featured-img":"","footer-sml-layout":"","theme-transparent-header-meta":"default","adv-header-id-meta":"","stick-header-meta":"default","header-above-stick-meta":"","header-main-stick-meta":"","header-below-stick-meta":"","astra-migrate-meta-layouts":"set","ast-page-background-enabled":"default","ast-page-background-meta":{"desktop":{"background-color":"var(--ast-global-color-4)","background-image":"","background-repeat":"repeat","background-position":"center center","background-size":"auto","background-attachment":"scroll","background-type":"","background-media":"","overlay-type":"","overlay-color":"","overlay-opacity":"","overlay-gradient":""},"tablet":{"background-color":"","background-image":"","background-repeat":"repeat","background-position":"center center","background-size":"auto","background-attachment":"scroll","background-type":"","background-media":"","overlay-type":"","overlay-color":"","overlay-opacity":"","overlay-gradient":""},"mobile":{"background-color":"","background-image":"","background-repeat":"repeat","background-position":"center center","background-size":"auto","background-attachment":"scroll","background-type":"","background-media":"","overlay-type":"","overlay-color":"","overlay-opacity":"","overlay-gradient":""}},"ast-content-background-meta":{"desktop":{"background-color":"var(--ast-global-color-5)","background-image":"","background-repeat":"repeat","background-position":"center center","background-size":"auto","background-attachment":"scroll","background-type":"","background-media":"","overlay-type":"","overlay-color":"","overlay-opacity":"","overlay-gradient":""},"tablet":{"background-color":"var(--ast-global-color-5)","background-image":"","background-repeat":"repeat","background-position":"center center","background-size":"auto","background-attachment":"scroll","background-type":"","background-media":"","overlay-type":"","overlay-color":"","overlay-opacity":"","overlay-gradient":""},"mobile":{"background-color":"var(--ast-global-color-5)","background-image":"","background-repeat":"repeat","background-position":"center center","background-size":"auto","background-attachment":"scroll","background-type":"","background-media":"","overlay-type":"","overlay-color":"","overlay-opacity":"","overlay-gradient":""}},"_joinchat":[]},"product_cat":[22,81,1145,98,77,76,128,1101,56,87,1146,772,82,939,99,94,97,92,45,47],"product_tag":[496,864],"class_list":{"0":"post-8579","1":"product","2":"type-product","3":"status-publish","4":"has-post-thumbnail","6":"product_cat-destinazioni-yacht","7":"product_cat-noleggio-yacht-bonifacio","8":"product_cat-noleggio-cannes","9":"product_cat-noleggio-yacht-cinque-terre","10":"product_cat-noleggio-yacht-corsica","11":"product_cat-noleggio-yacht-costa-azzurra","12":"product_cat-noleggio-yacht-costa-smeralda","13":"product_cat-noleggio-yacht-genova","14":"product_cat-noleggio-yacht-italia","15":"product_cat-noleggio-yacht-liguria","16":"product_cat-noleggio-yacht-nizza","17":"product_cat-noleggio-yacht-porto-cervo","18":"product_cat-noleggio-yacht-porto-vecchio","19":"product_cat-noleggio-yacht-portofino","20":"product_cat-noleggio-yacht-portovenere","21":"product_cat-noleggio-yacht-sanremo","22":"product_cat-noleggio-yacht-santa-margherita","23":"product_cat-noleggio-yacht-sardegna","24":"product_cat-tipologie-yacht","25":"product_cat-noleggio-yacht-motore","26":"product_tag-15mt-24mt","27":"product_tag-motor-yacht-it","28":"pa_cantieri-pershing","29":"pa_lunghezza-1027","30":"desktop-align-left","31":"tablet-align-left","32":"mobile-align-left","34":"first","35":"instock","36":"shipping-taxable","37":"product-type-simple"},"acf":[],"_links":{"self":[{"href":"https:\/\/verdeblu.com\/it\/wp-json\/wp\/v2\/product\/8579","targetHints":{"allow":["GET"]}}],"collection":[{"href":"https:\/\/verdeblu.com\/it\/wp-json\/wp\/v2\/product"}],"about":[{"href":"https:\/\/verdeblu.com\/it\/wp-json\/wp\/v2\/types\/product"}],"wp:featuredmedia":[{"embeddable":true,"href":"https:\/\/verdeblu.com\/it\/wp-json\/wp\/v2\/media\/8580"}],"wp:attachment":[{"href":"https:\/\/verdeblu.com\/it\/wp-json\/wp\/v2\/media?parent=8579"}],"wp:term":[{"taxonomy":"product_cat","embeddable":true,"href":"https:\/\/verdeblu.com\/it\/wp-json\/wp\/v2\/product_cat?post=8579"},{"taxonomy":"product_tag","embeddable":true,"href":"https:\/\/verdeblu.com\/it\/wp-json\/wp\/v2\/product_tag?post=8579"}],"curies":[{"name":"wp","href":"https:\/\/api.w.org\/{rel}","templated":true}]}}