{"id":9157,"date":"2024-12-30T20:13:03","date_gmt":"2024-12-30T19:13:03","guid":{"rendered":"https:\/\/verdeblu.com\/silent-grace\/"},"modified":"2026-01-31T18:43:10","modified_gmt":"2026-01-31T17:43:10","slug":"silent-grace","status":"publish","type":"product","link":"https:\/\/verdeblu.com\/it\/silent-grace\/","title":{"rendered":"Catamarano elettrico Silent Grace"},"content":{"rendered":"<p><strong>Silent Grace<\/strong> \/ Noleggio Catamarano elettrico a motore ecosostenibile con Equipaggio<br \/>\nSenti il \u200b\u200bcalore del sole, il sussurro del vento e il suono tranquillo del mare.<\/p>\n<p><strong>Silent Grace<\/strong> questo nuovissimo ed elegante &#8221; green yacht &#8221; costruito dal cantiere Silent Yacht, vi invita a vivere il Mediterraneo in modo diverso a bordo di un catamarano di 62 piedi a energia solare con zero emissioni e navigazione silenziosa.<\/p>\n<p>Silent Grace \u00e8 pi\u00f9 di un catamarano: \u00e8 una meraviglia dell&#8217;innovazione pluripremiato nel 2024 e incoronato &#8220;Yacht pi\u00f9 efficiente del mondo&#8221; ai Cannes World Yacht Awards.<br \/>\nEssendo uno dei primi catamarani a motore ad energia solare da 62 piedi e 3 ponti, Silent Grace stabilisce lo standard per il lusso sostenibile e l&#8217;efficienza senza pari. Grazie alla tecnologia solare avanzata,Silent Grace offre una navigazione tranquilla e rispettosa dell&#8217;ambiente con un&#8217;autonomia quasi illimitata.<br \/>\nChe stiate intraprendendo una breve vacanza o un lungo yacht charter, i motori elettrici del catamarano vi offriranno un&#8217;esperienza fluida e silenziosa.<\/p>\n<p>Il ponte di poppa accoglie gli ospiti con una confortevole zona relax. Il ponte principale dispone di un ampio salone e di una zona pranzo dal design moderno e dai colori caldi.<br \/>\nLo spazioso ponte superiore di 60 mq offre infine la migliore esperienza con un bar ben attrezzato, possibilit\u00e0 di mangiare all&#8217;aperto e usufruire di comode aree prendisole.<\/p>\n<p>La vostra crociera privata vi porter\u00e0 nelle destinazioni pi\u00f9 incantevoli del Mediterraneo. Senza il rumore del motore a disturbare l&#8217;armonia della vostra vacanza o la vita marina intorno a voi, ogni momento sar\u00e0 totalmente vostro da assaporare.<\/p>\n<p><strong>Sistemazione ospiti<\/strong>: la sistemazione a bordo del Silent Grace \u00e8 per 8 persone in 4 eleganti cabine con bagno privato, tra cui una cabina Master di 20 mq, una cabina VIP, 1 Doppia e una Twin  .<\/p>\n<p><strong>Equipaggio<\/strong>: guidato da un equipaggio professionale composto da 3 persone (Capitano + altri 2 membri), Silent Grace vi porter\u00e0 a vsitare le destinazioni pi\u00f9 incantevoli del Mediterraneo.<\/p>\n<p><strong>Ci\u00f2 che amiamo di Silent Grace<\/strong>:<br \/>\nUno dei catamarani pi\u00f9 ecologici sul mercato con un sistema di pannelli solari pionieristici;<br \/>\nDesign moderno e sorprendente per la generazione di tendenza;<br \/>\nManovre senza sforzo anche in acque poco profonde: nessuna spiaggia sar\u00e0 mai fuori dalla sua portata;<br \/>\nVelocit\u00e0 da 7 a 12 nodi \u2026 tranquilla, senza fare danni all\u2019ambiente;<br \/>\nSilent Grace: un catamarano che naviga in modo coscienzioso e con serenit\u00e0.<\/p>\n<p><strong>Silent Grace<\/strong> sar\u00e0 disponibile (secondo prenotazione) nelle seguenti aree di navigazione:<br \/>\nIsole Baleari, Corsica, Costa Azzurra; Monaco, Riviera ligure e Sardegna.<br \/>\n<br \/><a href=\"https:\/\/youtu.be\/__Hx-0k2rR8\" &quot;_blank target=\"_blank\" rel=\"noopener\">GUARDA IL VIDEO!<\/a><\/p>\n","protected":false},"excerpt":{"rendered":"<p><span style=\"font-weight: bold;\">Bassa Stagione<\/span> 40.000 \u20ac\/sett<br \/>\n<span style=\"font-weight: bold;\">Alta Stagione:<\/span> 45.000 \u20ac\/sett<br \/>\n<span style=\"font-weight: bold;\">Lungh mt:<\/span> 18,86<br \/>\n<span style=\"font-weight: bold;\">Cabine:<\/span> 4 &#8211; <strong>Equipaggio <\/strong> 3<br \/>\n<span style=\"font-weight: bold;\">Tipo di Yacht:<\/span> Catamarano Elettrico ad Energia Solare<br \/>\n<span style=\"font-weight: bold;\">Modello:<\/span> Silent 62&#8242;<br \/>\n<span style=\"font-weight: bold;\">Anno:<\/span> 2025<br \/>\n<span style=\"font-weight: bold;\">Cantiere: <\/span> Silent Yacht<\/p>\n","protected":false},"featured_media":9155,"template":"","meta":{"site-sidebar-layout":"default","site-content-layout":"","ast-site-content-layout":"default","site-content-style":"default","site-sidebar-style":"default","ast-global-header-display":"","ast-banner-title-visibility":"","ast-main-header-display":"","ast-hfb-above-header-display":"","ast-hfb-below-header-display":"","ast-hfb-mobile-header-display":"","site-post-title":"","ast-breadcrumbs-content":"","ast-featured-img":"","footer-sml-layout":"","theme-transparent-header-meta":"default","adv-header-id-meta":"","stick-header-meta":"default","header-above-stick-meta":"","header-main-stick-meta":"","header-below-stick-meta":"","astra-migrate-meta-layouts":"set","ast-page-background-enabled":"default","ast-page-background-meta":{"desktop":{"background-color":"var(--ast-global-color-4)","background-image":"","background-repeat":"repeat","background-position":"center center","background-size":"auto","background-attachment":"scroll","background-type":"","background-media":"","overlay-type":"","overlay-color":"","overlay-opacity":"","overlay-gradient":""},"tablet":{"background-color":"","background-image":"","background-repeat":"repeat","background-position":"center center","background-size":"auto","background-attachment":"scroll","background-type":"","background-media":"","overlay-type":"","overlay-color":"","overlay-opacity":"","overlay-gradient":""},"mobile":{"background-color":"","background-image":"","background-repeat":"repeat","background-position":"center center","background-size":"auto","background-attachment":"scroll","background-type":"","background-media":"","overlay-type":"","overlay-color":"","overlay-opacity":"","overlay-gradient":""}},"ast-content-background-meta":{"desktop":{"background-color":"var(--ast-global-color-5)","background-image":"","background-repeat":"repeat","background-position":"center center","background-size":"auto","background-attachment":"scroll","background-type":"","background-media":"","overlay-type":"","overlay-color":"","overlay-opacity":"","overlay-gradient":""},"tablet":{"background-color":"var(--ast-global-color-5)","background-image":"","background-repeat":"repeat","background-position":"center center","background-size":"auto","background-attachment":"scroll","background-type":"","background-media":"","overlay-type":"","overlay-color":"","overlay-opacity":"","overlay-gradient":""},"mobile":{"background-color":"var(--ast-global-color-5)","background-image":"","background-repeat":"repeat","background-position":"center center","background-size":"auto","background-attachment":"scroll","background-type":"","background-media":"","overlay-type":"","overlay-color":"","overlay-opacity":"","overlay-gradient":""}},"_joinchat":[]},"product_cat":[48,98,77,76,128,56,87,40,126,772,939,99,94,92,54],"product_tag":[519,830,520],"class_list":{"0":"post-9157","1":"product","2":"type-product","3":"status-publish","4":"has-post-thumbnail","6":"product_cat-catamarano-noleggio","7":"product_cat-noleggio-yacht-cinque-terre","8":"product_cat-noleggio-yacht-corsica","9":"product_cat-noleggio-yacht-costa-azzurra","10":"product_cat-noleggio-yacht-costa-smeralda","11":"product_cat-noleggio-yacht-italia","12":"product_cat-noleggio-yacht-liguria","13":"product_cat-noleggio-yacht-mediterraneo","14":"product_cat-noleggio-yacht-olbia","15":"product_cat-noleggio-yacht-porto-cervo","16":"product_cat-noleggio-yacht-portofino","17":"product_cat-noleggio-yacht-portovenere","18":"product_cat-noleggio-yacht-sanremo","19":"product_cat-noleggio-yacht-sardegna","20":"product_cat-noleggio-yacht-elettrico","21":"product_tag-catamarano","22":"product_tag-green-yacht","23":"product_tag-yacht-green","24":"pa_lunghezza-32","25":"desktop-align-left","26":"tablet-align-left","27":"mobile-align-left","29":"first","30":"instock","31":"shipping-taxable","32":"product-type-simple"},"acf":[],"_links":{"self":[{"href":"https:\/\/verdeblu.com\/it\/wp-json\/wp\/v2\/product\/9157","targetHints":{"allow":["GET"]}}],"collection":[{"href":"https:\/\/verdeblu.com\/it\/wp-json\/wp\/v2\/product"}],"about":[{"href":"https:\/\/verdeblu.com\/it\/wp-json\/wp\/v2\/types\/product"}],"wp:featuredmedia":[{"embeddable":true,"href":"https:\/\/verdeblu.com\/it\/wp-json\/wp\/v2\/media\/9155"}],"wp:attachment":[{"href":"https:\/\/verdeblu.com\/it\/wp-json\/wp\/v2\/media?parent=9157"}],"wp:term":[{"taxonomy":"product_cat","embeddable":true,"href":"https:\/\/verdeblu.com\/it\/wp-json\/wp\/v2\/product_cat?post=9157"},{"taxonomy":"product_tag","embeddable":true,"href":"https:\/\/verdeblu.com\/it\/wp-json\/wp\/v2\/product_tag?post=9157"}],"curies":[{"name":"wp","href":"https:\/\/api.w.org\/{rel}","templated":true}]}}