{"id":9389,"date":"2025-01-21T16:23:43","date_gmt":"2025-01-21T15:23:43","guid":{"rendered":"https:\/\/verdeblu.com\/?post_type=product&#038;p=9389"},"modified":"2025-04-17T08:05:30","modified_gmt":"2025-04-17T06:05:30","slug":"rock-moon","status":"publish","type":"product","link":"https:\/\/verdeblu.com\/it\/rock-moon\/","title":{"rendered":"Rock Moon"},"content":{"rendered":"<p><strong>Rock Moon<\/strong> \/ Motor Yacht Technema 70 con Equipaggio a Noleggio<\/p>\n<p>ROCK MOON, Technema 70,\u00a0\u00e8 un esclusivo yacht di 22 metri, disponibile per il noleggio nelle acque cristalline della Toscana, Corsica, Sardegna e del Sud Italia. Realizzato nel 2004 dal rinomato cantiere Posillipo, questo motor yacht grazie ad un refit effettuato nel 2024 ha elevato ulteriormente il suo livello di lusso e comfort. Gli interni sono estremamente spaziosi e ogni cabina \u00e8 dotata di bagno privato, aria condizionata e TV.<\/p>\n<p>Gli esterni dello yacht sono progettati per offrire il massimo del relax e del piacere. A poppa, una zona pranzo raffinata con tavolo per otto persone invita a gustare i pasti all\u2019aperto in un ambiente intimo. A prua, un ampio solarium con cuscini morbidi offre il luogo perfetto per rilassarsi al sole. Il flybridge, con la sua seconda timoneria e l&#8217;area tender, ospita una magnifica zona dining e una cucina completamente attrezzata, ideale per assaporare piatti prelibati accompagnati da un panorama spettacolare sul mare.<br \/>\nNon manca l\u2019aspetto del divertimento grazie alla presenza di numerosi toys a bordo.<br \/>\nRock Moon \u00e8 equipaggiato con due motori MAN da 1500 HP ciascuno che gli consentono di raggiungere una velocit\u00e0 massima di 31 nodi, con una velocit\u00e0 di crociera di 20 nodi assicurando ottime prestazioni senza compromettere il comfort.<\/p>\n<p><strong>Sistemazione Ospiti <\/strong>: Rock Moon pu\u00f2 ospitare fino a 8 persone e offre una cabina armatoriale con bagno privato, una cabina VIP con bagno privato, una cabina doppia con due letti singoli (pi\u00f9 un letto aggiuntivo) e bagno privato e una cabina con letto singolo (con letto aggiuntivo disponibile solo per bambini o ragazzi) e bagno privato.<\/p>\n<p><strong>Equipaggio<\/strong>: Lo yacht \u00e8 gestito da un team esperto e accogliente composto da 3 membri: comandante, hostess e marinaio, pronti a garantire un&#8217;esperienza indimenticabile.<\/p>\n<p><a href=\"https:\/\/youtu.be\/-4TsXrRfUYw\" target=\"_blank\" rel=\"noopener\"> Guarda il Video di Rock Moon<\/a><\/p>\n<p>&nbsp;<\/p>\n","protected":false},"excerpt":{"rendered":"<p><span style=\"font-weight: bold;\" data-mce-style=\"font-weight: bold;\">Bassa Stagione:<\/span> 29.000 \u20ac\/sett +IVA<br \/><span style=\"font-weight: bold;\" data-mce-style=\"font-weight: bold;\">Alta Stagione:<\/span> 33.000 \u20ac\/sett +IVA<br \/><span style=\"font-weight: bold;\" data-mce-style=\"font-weight: bold;\">Day Charter:<\/span> su richiesta<br \/><span style=\"font-weight: bold;\" data-mce-style=\"font-weight: bold;\">Lunghezza mt:<\/span> 22,00<br \/><span style=\"font-weight: bold;\" data-mce-style=\"font-weight: bold;\">Cabine:<\/span> 4<br \/><span style=\"font-weight: bold;\" data-mce-style=\"font-weight: bold;\">Tipo di Yacht:<\/span> Motor Yacht<br \/><span style=\"font-weight: bold;\" data-mce-style=\"font-weight: bold;\">Modello:<\/span> Technema 70<br \/><span style=\"font-weight: bold;\" data-mce-style=\"font-weight: bold;\">Anno:<\/span> 2004- Refit 2024<br \/><span style=\"font-weight: bold;\" data-mce-style=\"font-weight: bold;\">Cantiere: <\/span> Posillipo<\/p>\n","protected":false},"featured_media":9391,"template":"","meta":{"site-sidebar-layout":"default","site-content-layout":"","ast-site-content-layout":"default","site-content-style":"default","site-sidebar-style":"default","ast-global-header-display":"","ast-banner-title-visibility":"","ast-main-header-display":"","ast-hfb-above-header-display":"","ast-hfb-below-header-display":"","ast-hfb-mobile-header-display":"","site-post-title":"","ast-breadcrumbs-content":"","ast-featured-img":"","footer-sml-layout":"","theme-transparent-header-meta":"default","adv-header-id-meta":"","stick-header-meta":"default","header-above-stick-meta":"","header-main-stick-meta":"","header-below-stick-meta":"","astra-migrate-meta-layouts":"set","ast-page-background-enabled":"default","ast-page-background-meta":{"desktop":{"background-color":"var(--ast-global-color-4)","background-image":"","background-repeat":"repeat","background-position":"center center","background-size":"auto","background-attachment":"scroll","background-type":"","background-media":"","overlay-type":"","overlay-color":"","overlay-opacity":"","overlay-gradient":""},"tablet":{"background-color":"","background-image":"","background-repeat":"repeat","background-position":"center center","background-size":"auto","background-attachment":"scroll","background-type":"","background-media":"","overlay-type":"","overlay-color":"","overlay-opacity":"","overlay-gradient":""},"mobile":{"background-color":"","background-image":"","background-repeat":"repeat","background-position":"center center","background-size":"auto","background-attachment":"scroll","background-type":"","background-media":"","overlay-type":"","overlay-color":"","overlay-opacity":"","overlay-gradient":""}},"ast-content-background-meta":{"desktop":{"background-color":"var(--ast-global-color-5)","background-image":"","background-repeat":"repeat","background-position":"center center","background-size":"auto","background-attachment":"scroll","background-type":"","background-media":"","overlay-type":"","overlay-color":"","overlay-opacity":"","overlay-gradient":""},"tablet":{"background-color":"var(--ast-global-color-5)","background-image":"","background-repeat":"repeat","background-position":"center center","background-size":"auto","background-attachment":"scroll","background-type":"","background-media":"","overlay-type":"","overlay-color":"","overlay-opacity":"","overlay-gradient":""},"mobile":{"background-color":"var(--ast-global-color-5)","background-image":"","background-repeat":"repeat","background-position":"center center","background-size":"auto","background-attachment":"scroll","background-type":"","background-media":"","overlay-type":"","overlay-color":"","overlay-opacity":"","overlay-gradient":""}},"_joinchat":[]},"product_cat":[92,88,1125,81,1145,103,98,77,76,128,22,100,1101,102,101,127,87,1137,1146,126,772,82,939,99,940,1144,94,97,45,47],"product_tag":[496,864,1102],"class_list":{"0":"post-9389","1":"product","2":"type-product","3":"status-publish","4":"has-post-thumbnail","6":"product_cat-noleggio-yacht-sardegna","7":"product_cat-noleggio-yacht-arcipelago-toscano","8":"product_cat-noleggio-yacht-argentario","9":"product_cat-noleggio-yacht-bonifacio","10":"product_cat-noleggio-cannes","11":"product_cat-noleggio-yacht-capraia","12":"product_cat-noleggio-yacht-cinque-terre","13":"product_cat-noleggio-yacht-corsica","14":"product_cat-noleggio-yacht-costa-azzurra","15":"product_cat-noleggio-yacht-costa-smeralda","16":"product_cat-destinazioni-yacht","17":"product_cat-noleggio-yacht-elba","18":"product_cat-noleggio-yacht-genova","19":"product_cat-noleggio-yacht-giannutri","20":"product_cat-noleggio-yacht-giglio","21":"product_cat-noleggio-yacht-la-maddalena","22":"product_cat-noleggio-yacht-liguria","23":"product_cat-noleggio-yacht-monaco","24":"product_cat-noleggio-yacht-nizza","25":"product_cat-noleggio-yacht-olbia","26":"product_cat-noleggio-yacht-porto-cervo","27":"product_cat-noleggio-yacht-porto-vecchio","28":"product_cat-noleggio-yacht-portofino","29":"product_cat-noleggio-yacht-portovenere","30":"product_cat-rapallo","31":"product_cat-noleggio-yacht-saint-tropez","32":"product_cat-noleggio-yacht-sanremo","33":"product_cat-noleggio-yacht-santa-margherita","34":"product_cat-tipologie-yacht","35":"product_cat-noleggio-yacht-motore","36":"product_tag-15mt-24mt","37":"product_tag-motor-yacht-it","38":"product_tag-yacht-con-equipaggio","39":"pa_lunghezza-22-mt","40":"desktop-align-left","41":"tablet-align-left","42":"mobile-align-left","44":"first","45":"instock","46":"shipping-taxable","47":"product-type-simple"},"acf":[],"_links":{"self":[{"href":"https:\/\/verdeblu.com\/it\/wp-json\/wp\/v2\/product\/9389","targetHints":{"allow":["GET"]}}],"collection":[{"href":"https:\/\/verdeblu.com\/it\/wp-json\/wp\/v2\/product"}],"about":[{"href":"https:\/\/verdeblu.com\/it\/wp-json\/wp\/v2\/types\/product"}],"wp:featuredmedia":[{"embeddable":true,"href":"https:\/\/verdeblu.com\/it\/wp-json\/wp\/v2\/media\/9391"}],"wp:attachment":[{"href":"https:\/\/verdeblu.com\/it\/wp-json\/wp\/v2\/media?parent=9389"}],"wp:term":[{"taxonomy":"product_cat","embeddable":true,"href":"https:\/\/verdeblu.com\/it\/wp-json\/wp\/v2\/product_cat?post=9389"},{"taxonomy":"product_tag","embeddable":true,"href":"https:\/\/verdeblu.com\/it\/wp-json\/wp\/v2\/product_tag?post=9389"}],"curies":[{"name":"wp","href":"https:\/\/api.w.org\/{rel}","templated":true}]}}