{"id":9540,"date":"2025-01-24T16:16:10","date_gmt":"2025-01-24T15:16:10","guid":{"rendered":"https:\/\/verdeblu.com\/?post_type=product&#038;p=9540"},"modified":"2025-04-16T08:58:09","modified_gmt":"2025-04-16T06:58:09","slug":"mindfulness","status":"publish","type":"product","link":"https:\/\/verdeblu.com\/it\/mindfulness\/","title":{"rendered":"Mindfulness"},"content":{"rendered":"<p><strong>S\/Y Mindfulness<\/strong>\/ Yacht a Vela con Equipaggio a Noleggio<\/p>\n<p><strong>MINDFULNESS<\/strong> sailing Yacht  23,98 mt, costruito dal cantiere italiano Advanced Yachts e consegnato nel 2021, \u00e8 un &#8220;world cruiser&#8221; ad alte prestazioni, veloce, sicuro ed estremamente confortevole sotto vela.<\/p>\n<p>MINDFULNESS offre agli ospiti ampie aree per rilassarsi e divertirsi, oltre a 3 generose suites, perfette per un&#8217;esperienza di charter rilassante in tutta comodit\u00e0 e stile. <br \/>\nQuesto Advanced Yacht \u00e8 fatto su misura per  appassionati velisti e la loro famiglie o amici, offrendo il mix perfetto tra lusso in mare e navigazione in grande stile. Questo yacht a vela in charter \u00e9 pronto a soddisfare le aspettative di  croceristi e amanti degli yachts eleganti e la navigazione a vela.<\/p>\n<p>Gli interni caldi, accoglienti e molto confortevoli di Mindfulness sono decorati con toni neutri. I suoi mobili eleganti, i volumi interni splendidamente proporzionati e le viste attentamente pianificate verso l&#8217;esterno, anche da seduti, creano un&#8217;atmosfera molto piacevole. Il rovere spazzolato contrasta armoniosamente con il pavimento scuro, e gli inserti in pelle sulle superfici e sulle librerie creano un ambiente elegante e contemporaneo.   Il salone a tutto baglio \u00e8 il centro della vita di bordo: \u00e8 qui che gli ospiti possono rilassarsi, chiacchierare comodamente su ampi divani o sedersi attorno al tavolo da pranzo sorseggiando del buon vino e gustando deliziose cene.<\/p>\n<p>Mindfulness ha base in Liguria, Genova, ed \u00e9 disponibile per noleggi e charters nella Rivera italiana, Costa Azzurra e Monaco, Sardegna, Corsica e in accordo con i suoi bookings in Costiera Amalfitana, Sicilia.<\/p>\n<p><strong>Sistemazione Ospiti<\/strong>: MINDFULNESS pu\u00f2 ospitare 6 persone in 3 cabine. La cabina armatoriale a poppa \u00e8 a tutto baglio e si trova nella parte pi\u00f9 tranquilla dello yacht. Dispone di un letto matrimoniale queen-size centrale e di un bagno diviso in due ambienti separati. C&#8217;\u00e8 anche una zona ufficio lungo la parete esterna con una grande scrivania, con un divano trasformabile sul lato opposto. A poppavia del salone si trovano anche le due cabine ospiti Twin con letto pulman (in caso di altro ospite ma soggetto ad approvazione) .<\/p>\n<p><strong>Equipaggio<\/strong> L&#8217;equipaggio di Mindfulness \u00e9 composto da tre membri: il Comandante (italiano) Enea Colasanti, uomo di mare di grandi tradizioni familiari sin da bambino e skipper di barche a vela da regata dall&#8217;et\u00e0 di 13 anni. Da allora Enea ha lavorato come Marinaio e poi Comandante su molti yachts ed \u00e8 anche un appassionato surfista e kitesurfer. Lo affiancano un valido Chef ed un Deck-hand.<\/p>\n","protected":false},"excerpt":{"rendered":"<p><span style=\"font-weight: bold;\">Bassa Stagione:<\/span> 34.000 \u20ac\/sett<br \/>\n<span style=\"font-weight: bold;\">Alta Stagione:<\/span> 38.000 \u20ac\/sett<br \/>\n<span style=\"font-weight: bold;\">Lunghezza mt:<\/span> 23.98 (20&#8242; 04&#8243;)<br \/>\n<span style=\"font-weight: bold;\">Cabine:<\/span> 3<br \/>\n<span style=\"font-weight: bold;\">Tipo di Yacht:<\/span> Sailing Yacht<br \/>\n<span style=\"font-weight: bold;\">Anno:<\/span> 2021<br \/>\n<span style=\"font-weight: bold;\">Modello:<\/span> Advance 80<br \/>\n<span style=\"font-weight: bold;\">Cantiere:<\/span> Advanced Yachts<\/p>\n","protected":false},"featured_media":9541,"template":"","meta":{"site-sidebar-layout":"default","site-content-layout":"","ast-site-content-layout":"default","site-content-style":"default","site-sidebar-style":"default","ast-global-header-display":"","ast-banner-title-visibility":"","ast-main-header-display":"","ast-hfb-above-header-display":"","ast-hfb-below-header-display":"","ast-hfb-mobile-header-display":"","site-post-title":"","ast-breadcrumbs-content":"","ast-featured-img":"","footer-sml-layout":"","theme-transparent-header-meta":"default","adv-header-id-meta":"","stick-header-meta":"default","header-above-stick-meta":"","header-main-stick-meta":"","header-below-stick-meta":"","astra-migrate-meta-layouts":"set","ast-page-background-enabled":"default","ast-page-background-meta":{"desktop":{"background-color":"var(--ast-global-color-4)","background-image":"","background-repeat":"repeat","background-position":"center center","background-size":"auto","background-attachment":"scroll","background-type":"","background-media":"","overlay-type":"","overlay-color":"","overlay-opacity":"","overlay-gradient":""},"tablet":{"background-color":"","background-image":"","background-repeat":"repeat","background-position":"center center","background-size":"auto","background-attachment":"scroll","background-type":"","background-media":"","overlay-type":"","overlay-color":"","overlay-opacity":"","overlay-gradient":""},"mobile":{"background-color":"","background-image":"","background-repeat":"repeat","background-position":"center center","background-size":"auto","background-attachment":"scroll","background-type":"","background-media":"","overlay-type":"","overlay-color":"","overlay-opacity":"","overlay-gradient":""}},"ast-content-background-meta":{"desktop":{"background-color":"var(--ast-global-color-5)","background-image":"","background-repeat":"repeat","background-position":"center center","background-size":"auto","background-attachment":"scroll","background-type":"","background-media":"","overlay-type":"","overlay-color":"","overlay-opacity":"","overlay-gradient":""},"tablet":{"background-color":"var(--ast-global-color-5)","background-image":"","background-repeat":"repeat","background-position":"center center","background-size":"auto","background-attachment":"scroll","background-type":"","background-media":"","overlay-type":"","overlay-color":"","overlay-opacity":"","overlay-gradient":""},"mobile":{"background-color":"var(--ast-global-color-5)","background-image":"","background-repeat":"repeat","background-position":"center center","background-size":"auto","background-attachment":"scroll","background-type":"","background-media":"","overlay-type":"","overlay-color":"","overlay-opacity":"","overlay-gradient":""}},"_joinchat":[]},"product_cat":[88,81,1145,98,77,76,128,22,1101,777,56,127,87,40,1137,1146,126,772,82,939,99,1144,94,97,92,46],"product_tag":[496,798,805,863,523,912],"class_list":{"0":"post-9540","1":"product","2":"type-product","3":"status-publish","4":"has-post-thumbnail","6":"product_cat-noleggio-yacht-arcipelago-toscano","7":"product_cat-noleggio-yacht-bonifacio","8":"product_cat-noleggio-cannes","9":"product_cat-noleggio-yacht-cinque-terre","10":"product_cat-noleggio-yacht-corsica","11":"product_cat-noleggio-yacht-costa-azzurra","12":"product_cat-noleggio-yacht-costa-smeralda","13":"product_cat-destinazioni-yacht","14":"product_cat-noleggio-yacht-genova","15":"product_cat-ibiza","16":"product_cat-noleggio-yacht-italia","17":"product_cat-noleggio-yacht-la-maddalena","18":"product_cat-noleggio-yacht-liguria","19":"product_cat-noleggio-yacht-mediterraneo","20":"product_cat-noleggio-yacht-monaco","21":"product_cat-noleggio-yacht-nizza","22":"product_cat-noleggio-yacht-olbia","23":"product_cat-noleggio-yacht-porto-cervo","24":"product_cat-noleggio-yacht-porto-vecchio","25":"product_cat-noleggio-yacht-portofino","26":"product_cat-noleggio-yacht-portovenere","27":"product_cat-noleggio-yacht-saint-tropez","28":"product_cat-noleggio-yacht-sanremo","29":"product_cat-noleggio-yacht-santa-margherita","30":"product_cat-noleggio-yacht-sardegna","31":"product_cat-noleggio-yacht-vela","32":"product_tag-15mt-24mt","33":"product_tag-mediterraneo","34":"product_tag-sailing-yacht-it","35":"product_tag-yacht-a-noleggio","36":"product_tag-yacht-a-vela","37":"product_tag-yacht-di-lusso","38":"pa_cantieri-advance-yachts","39":"pa_lunghezza-1100","40":"desktop-align-left","41":"tablet-align-left","42":"mobile-align-left","44":"first","45":"instock","46":"shipping-taxable","47":"product-type-simple"},"acf":[],"_links":{"self":[{"href":"https:\/\/verdeblu.com\/it\/wp-json\/wp\/v2\/product\/9540","targetHints":{"allow":["GET"]}}],"collection":[{"href":"https:\/\/verdeblu.com\/it\/wp-json\/wp\/v2\/product"}],"about":[{"href":"https:\/\/verdeblu.com\/it\/wp-json\/wp\/v2\/types\/product"}],"wp:featuredmedia":[{"embeddable":true,"href":"https:\/\/verdeblu.com\/it\/wp-json\/wp\/v2\/media\/9541"}],"wp:attachment":[{"href":"https:\/\/verdeblu.com\/it\/wp-json\/wp\/v2\/media?parent=9540"}],"wp:term":[{"taxonomy":"product_cat","embeddable":true,"href":"https:\/\/verdeblu.com\/it\/wp-json\/wp\/v2\/product_cat?post=9540"},{"taxonomy":"product_tag","embeddable":true,"href":"https:\/\/verdeblu.com\/it\/wp-json\/wp\/v2\/product_tag?post=9540"}],"curies":[{"name":"wp","href":"https:\/\/api.w.org\/{rel}","templated":true}]}}