{"id":9868,"date":"2025-01-29T15:12:42","date_gmt":"2025-01-29T14:12:42","guid":{"rendered":"https:\/\/verdeblu.com\/?post_type=product&#038;p=9868"},"modified":"2025-04-15T10:31:38","modified_gmt":"2025-04-15T08:31:38","slug":"fast","status":"publish","type":"product","link":"https:\/\/verdeblu.com\/it\/fast\/","title":{"rendered":"Fast"},"content":{"rendered":"<p><strong>Fast<\/strong> \/ Motor Yacht Ferretti 860 &#8220;fast&#8221; con Equipaggio a Noleggio<\/p>\n<p>FAST \u00e8 uno yacht ad alte prestazioni di 27 metri, costruito nel 2024 dal cantiere Ferretti, econsegnato nel 2025. Lo yacht  si distingue per un design innovativo e all&#8217;avanguardia, studiato per offrire il massimo del comfort e delle prestazioni. La sua struttura elegante e sofisticata \u00e8 il risultato di una combinazione perfetta tra tecnologia avanzata e attenzione ai dettagli.<\/p>\n<p>I ponti esterni dello yacht sono progettati per offrire ampie e versatili aree dedicate al relax e all&#8217;intrattenimento. Gli ospiti possono godere di cene all&#8217;aperto immersi nella bellezza del mare. Le aree prendisole, dotate di comodi lettini, e la zona lounge all&#8217;aperto sono perfette per godersi la navigazione o per socializzare in totale comfort.<br \/>\nAll&#8217;interno, il design raffinato degli ambienti \u00e8 dominato da linee fluide e armoniose, che creano un&#8217;atmosfera accogliente ed elegante. Il salone principale, spazioso e luminoso, \u00e8 un ambiente perfetto per trascorrere del tempo in compagnia, mentre la zona pranzo, lussuosa e ben posizionata, \u00e8 ideale per cene gourmet preparate a bordo. Ogni dettaglio, dalla scelta dei materiali pregiati agli arredi su misura, contribuisce a creare un&#8217;atmosfera di lusso e raffinatezza, senza sacrificare la funzionalit\u00e0.<\/p>\n<p>Complessivamente Fast \u00e8 l&#8217;imbarcazione perfetta per chi cerca un&#8217;esperienza esclusiva, che combini stile e funzionalit\u00e0, ideale per crociere indimenticabili in totale privacy e lusso.<\/p>\n<p>Fast \u00e8 equipaggiato con due motori MAN da 2000 HP ciascuno che gli consentono di raggiungere una velocit\u00e0 massima di 32 nodi, con una velocit\u00e0 di crociera di 22 nodi assicurando ottime prestazioni senza compromettere il comfort.<\/p>\n<p><strong>Sistemazione Ospiti <\/strong>: Fast \u00e8 dotato di 4 cabine che possono accogliere fino a 8 persone. La cabina armatoriale \u00e8 un rifugio esclusivo con un ampio letto matrimoniale e una zona spogliatoio. La cabina VIP \u00e8 perfetta per ospiti di riguardo, la cabina matrimoniale e la cabina con letti singoli (convertibile in matrimoniale) offrono ulteriore comfort per gli altri ospiti. Ogni cabina \u00e8 dotata di un bagno privato en-suite, rifinito con materiali di alta qualit\u00e0.<\/p>\n<p><strong>Equipaggio<\/strong>: Lo yacht \u00e8 gestito da un team esperto di 4 membri: Comandante Simone Ballini, professionista di grande esperienza (italiano) , Chef, hostess e marinaio (tutti italiani), pronti a garantire a bordo del Fast un\u2019esperienza indimenticabile.<\/p>\n<p>&nbsp;<\/p>\n","protected":false},"excerpt":{"rendered":"<p><span style=\"font-weight: bold;\">Bassa Stagione:<\/span> 80.000 \u20ac\/sett +IVA<br \/>\n<span style=\"font-weight: bold;\">Alta Stagione:<\/span> 85.000 \u20ac\/sett +IVA<br \/>\n<span style=\"font-weight: bold;\">Day Charter:<\/span> su richiesta<br \/>\n<span style=\"font-weight: bold;\">Lunghezza mt:<\/span> 27,00<br \/>\n<span style=\"font-weight: bold;\">Cabine:<\/span> 4<br \/>\n<span style=\"font-weight: bold;\">Tipo di Yacht:<\/span> Motor Yacht<br \/>\n<span style=\"font-weight: bold;\">Modello:<\/span> Ferretti 860 &#8220;fast&#8221;<br \/>\n<span style=\"font-weight: bold;\">Anno:<\/span> 2025<br \/>\n<span style=\"font-weight: bold;\">Cantiere: <\/span> Ferretti Yacht<\/p>\n","protected":false},"featured_media":9870,"template":"","meta":{"site-sidebar-layout":"default","site-content-layout":"","ast-site-content-layout":"default","site-content-style":"default","site-sidebar-style":"default","ast-global-header-display":"","ast-banner-title-visibility":"","ast-main-header-display":"","ast-hfb-above-header-display":"","ast-hfb-below-header-display":"","ast-hfb-mobile-header-display":"","site-post-title":"","ast-breadcrumbs-content":"","ast-featured-img":"","footer-sml-layout":"","theme-transparent-header-meta":"default","adv-header-id-meta":"","stick-header-meta":"default","header-above-stick-meta":"","header-main-stick-meta":"","header-below-stick-meta":"","astra-migrate-meta-layouts":"set","ast-page-background-enabled":"default","ast-page-background-meta":{"desktop":{"background-color":"var(--ast-global-color-4)","background-image":"","background-repeat":"repeat","background-position":"center center","background-size":"auto","background-attachment":"scroll","background-type":"","background-media":"","overlay-type":"","overlay-color":"","overlay-opacity":"","overlay-gradient":""},"tablet":{"background-color":"","background-image":"","background-repeat":"repeat","background-position":"center center","background-size":"auto","background-attachment":"scroll","background-type":"","background-media":"","overlay-type":"","overlay-color":"","overlay-opacity":"","overlay-gradient":""},"mobile":{"background-color":"","background-image":"","background-repeat":"repeat","background-position":"center center","background-size":"auto","background-attachment":"scroll","background-type":"","background-media":"","overlay-type":"","overlay-color":"","overlay-opacity":"","overlay-gradient":""}},"ast-content-background-meta":{"desktop":{"background-color":"var(--ast-global-color-5)","background-image":"","background-repeat":"repeat","background-position":"center center","background-size":"auto","background-attachment":"scroll","background-type":"","background-media":"","overlay-type":"","overlay-color":"","overlay-opacity":"","overlay-gradient":""},"tablet":{"background-color":"var(--ast-global-color-5)","background-image":"","background-repeat":"repeat","background-position":"center center","background-size":"auto","background-attachment":"scroll","background-type":"","background-media":"","overlay-type":"","overlay-color":"","overlay-opacity":"","overlay-gradient":""},"mobile":{"background-color":"var(--ast-global-color-5)","background-image":"","background-repeat":"repeat","background-position":"center center","background-size":"auto","background-attachment":"scroll","background-type":"","background-media":"","overlay-type":"","overlay-color":"","overlay-opacity":"","overlay-gradient":""}},"_joinchat":[]},"product_cat":[59,1133,1136,1132,60,75,47,74],"product_tag":[936,497,864,522,1102,912],"class_list":{"0":"post-9868","1":"product","2":"type-product","3":"status-publish","4":"has-post-thumbnail","6":"product_cat-noleggio-yacht-croazia","7":"product_cat-noleggio-yacht-dubrovnik","8":"product_cat-noleggio-yacht-hvar","9":"product_cat-noleggio-yacht-isole-incoronate","10":"product_cat-noleggio-yacht-montenegro","11":"product_cat-noleggio-yacht-spalato","12":"product_cat-noleggio-yacht-motore","13":"product_cat-noleggio-yacht-zara","14":"product_tag-croazia","15":"product_tag-24mt-34mt","16":"product_tag-motor-yacht-it","17":"product_tag-yacht-a-motore","18":"product_tag-yacht-con-equipaggio","19":"product_tag-yacht-di-lusso","20":"pa_lunghezza-27-mt","21":"desktop-align-left","22":"tablet-align-left","23":"mobile-align-left","25":"first","26":"instock","27":"shipping-taxable","28":"product-type-simple"},"acf":[],"_links":{"self":[{"href":"https:\/\/verdeblu.com\/it\/wp-json\/wp\/v2\/product\/9868","targetHints":{"allow":["GET"]}}],"collection":[{"href":"https:\/\/verdeblu.com\/it\/wp-json\/wp\/v2\/product"}],"about":[{"href":"https:\/\/verdeblu.com\/it\/wp-json\/wp\/v2\/types\/product"}],"wp:featuredmedia":[{"embeddable":true,"href":"https:\/\/verdeblu.com\/it\/wp-json\/wp\/v2\/media\/9870"}],"wp:attachment":[{"href":"https:\/\/verdeblu.com\/it\/wp-json\/wp\/v2\/media?parent=9868"}],"wp:term":[{"taxonomy":"product_cat","embeddable":true,"href":"https:\/\/verdeblu.com\/it\/wp-json\/wp\/v2\/product_cat?post=9868"},{"taxonomy":"product_tag","embeddable":true,"href":"https:\/\/verdeblu.com\/it\/wp-json\/wp\/v2\/product_tag?post=9868"}],"curies":[{"name":"wp","href":"https:\/\/api.w.org\/{rel}","templated":true}]}}