{"id":9913,"date":"2025-01-30T01:22:30","date_gmt":"2025-01-30T00:22:30","guid":{"rendered":"https:\/\/verdeblu.com\/?post_type=product&#038;p=9913"},"modified":"2026-05-11T18:34:09","modified_gmt":"2026-05-11T16:34:09","slug":"seawolf-x","status":"publish","type":"product","link":"https:\/\/verdeblu.com\/it\/seawolf-x\/","title":{"rendered":"Catamarano Seawolf X"},"content":{"rendered":"<p><strong>SEAWOLF X &#8211; \u20ac100,000 per week Price Drop<\/strong><\/p>\n<p><strong>Hybrid-electric catamarano SEAWOLF X<\/strong>  \/ Noleggio Catamarano di Lusso a Motore Eco Sostenibile <\/p>\n<p><strong>SEAWOLF<\/strong> il catamarano costruito dai Cantieri italiani Rossinavi nel 2024, con il suo design futuristico, elegante ed esclusivo, la propulsione ibrida-elettrica a pannelli solari, offre la migliore esperienza di navigazione a motore ecologica e sostenibile garantisce il minimo impatto nell&#8217;ambiente marino.<\/p>\n<p><strong>Seawolf X  Catamarano ibrido diesel elettrico eco<\/strong> \/ Noleggio Catamarano elettrico e a motore di Lusso<\/p>\n<p><strong>SEAWOLF X<\/strong>unisce lo spirito dell&#8217;avventura all&#8217;eleganza sostenibile e al lusso a bordo di un 42,8 metri di Rossinavi.<\/p>\n<p>Primo yacht charter ibrido-elettrico della flotta, il SEAWOLF X combina innovazione, design e prestazioni in una piattaforma ecologica unica nel suo genere. Le sue tecnologie all&#8217;avanguardia sfruttano il biomimetismo ispirato al fitoplancton per immagazzinare e utilizzare energia pulita tramite batterie avanzate e pannelli solari, mentre l&#8217;intelligenza artificiale monitora e regola l&#8217;intero fabbisogno energetico giornaliero di equipaggio e ospiti.<\/p>\n<p>Grazie alla capacit\u00e0 di navigare in modalit\u00e0 100% elettrica per un&#8217;intera giornata, o al 90% per pi\u00f9 giorni, fino a 12 ospiti possono godersi itinerari esclusivi, accedendo ed esplorando alcune delle aree marine protette pi\u00f9 tutelate al mondo.<\/p>\n<p>I suoi interni, curati da **Meyer Davis** e ispirati al sole, al mare e alla sabbia, offrono un luminoso rifugio di pace. Gli ospiti potranno godere di spazi incredibili grazie alla sua ampia larghezza e alla struttura a doppio scafo, che include un&#8217;area lounge e pranzo di ben 100 mq. All&#8217;esterno, il ponte spazioso offre ampie zone prendisole e aree relax, tra cui una vasca idromassaggio a scomparsa e un home theatre trasformabile.<\/p>\n<p>Il SEAWOLF X \u00e8 perfetto per chi cerca l&#8217;avventura riducendo al minimo l&#8217;impatto ambientale. Il suo garage ricco di dotazioni esalta ulteriormente questa esperienza, dai Fliteboard ai jetpack subacquei, fino ai giochi trainabili e all&#8217;attrezzatura per immersioni. Nel 2026, la privacy \u00e8 diventata il lusso estremo e la SEAWOLF X, grazie alla sua capacit\u00e0 di navigare in modo silenzioso, offre agli ospiti itinerari senza confini. Questa imbarcazione rappresenta un connubio unico di innovazione, design e prestazioni, il tutto su una piattaforma eco-consapevole che le permette di navigare o restare all&#8217;ancora in un silenzio quasi assoluto. Senza vibrazioni n\u00e9 rumore dei motori, l&#8217;esperienza a bordo risulta calma e incredibilmente raffinata.<br \/>\nGrazie alle sue tecnologie ecologiche, la nave vanta consumi di carburante straordinariamente bassi, risultando tanto conveniente quanto rispettosa dell&#8217;ambiente, senza mai scendere a compromessi su comfort o potenza. Costruita da Rossinavi e varata nel 2024, pu\u00f2 accogliere 12 ospiti in cinque suite eleganti e, con il supporto di un equipaggio di nove persone, ridefinisce lo standard della crociera sostenibile.<\/p>\n<p>Nonostante i suoi 43 metri di lunghezza, la SEAWOLF X mette a disposizione volumi e spazi sul ponte tipici di yacht molto pi\u00f9 grandi, grazie a un layout progettato per apparire immediatamente pi\u00f9 ampio, luminoso e aperto rispetto a qualsiasi altra imbarcazione della sua categoria.<\/p>\n<p>\u00c8 la scelta ideale per chi cerca l&#8217;avventura riducendo al minimo l&#8217;impatto ambientale, anche grazie a un&#8217;ampia dotazione di accessori che include Fliteboard, jetpack subacquei, giochi trainabili e attrezzatura per immersioni.<\/p>\n<p><strong>Key Features<\/strong><br \/>\n1) Propulsione ibrida-elettrica con modalit\u00e0 go-silent all&#8217;ancora<br \/>\n2) IA avanzata che analizza le operazioni della nave e anticipa le esigenze degli ospiti<br \/>\n3) Vasto salone e sala da pranzo di 100 m\u00b2<br \/>\n4) Palestra, Spa e Sauna completamente attrezzate. <\/p>\n<p><strong>Sistemazione Ospiti<\/strong>: Seawolf pu\u00f2 splendidamente ospitare fino a 12 persone in 5 suites  di cui 3 matrioniali e due Twin con 2 letti ribaltabili. La Seawolf X dispone di una cabina armatoriale, due matrimoniali e due cabine convertibili, offrendo una sistemazione flessibile e raffinata. Accoglie 12 ospiti in un rifugio di raffinata riservatezza. Cinque suite eleganti e un garage ricco di accessori all&#8217;avanguardia offrono avventura di giorno e massima serenit\u00e0 di notte.<\/p>\n<p><strong>Equipaggio<\/strong>: L&#8217;equipaggio di Seawolf \u00e9 composto dal Com.te Sean Rysenbry (new zelandese) e da altri 8 membri. Il suo eccezionale comandante e l&#8217;equipaggio vi permetteranno di scoprire il mondo con occhi nuovi, a bordo di uno yacht che non ha eguali.Incluso nella tariffa del noleggio, \u00e8 presente anche un Chase Boat SACS Strider del 2021 da 15 metri con equipaggio dedicato.L&#8217;equipaggio della Seawolf X, composto da nove esperti provenienti da tutto il mondo, garantisce un servizio impeccabile per l&#8217;intera durata del vostro viaggio<\/p>\n<p><strong>Destinazioni 2026 <\/strong>:  Calvi, Corsica, French Riviera: Cannes,Saint Tropez Italy: Sardinia, <\/p>\n<p>Maggio \/ Giugno &#8211; Croatia <br \/>\nLuglio \/ Agosto  &#8211; Croatia and West Med<br \/>\nJuly \/ Aug &#8211; Croatia and West Med<\/p>\n<p><a href=\"https:\/\/youtu.be\/Ih2aRIDS3Hw\" target=\"_blank\" rel=\"noopener noreferrer\">Guarda il video!<\/a> <\/p>\n","protected":false},"excerpt":{"rendered":"<p><span style=\"font-weight: bold;\">Bassa Stagione<\/span> 280.000\u20ac\/sett-<br \/>\n<span style=\"font-weight: bold;\">Alta Stagione:<\/span> 295.000 \u20ac\/sett<br \/>\n<span style=\"font-weight: bold;\">Lungh mt:<\/span> 42,83<br \/>\n<span style=\"font-weight: bold;\">Cabine:<\/span> 5 &#8211; <strong>Equipaggio <\/strong> 9<br \/>\n<span style=\"font-weight: bold;\">Tipo di Yacht:<\/span> Catamarano Eco Sostenibile a Motore<br \/>\n<span style=\"font-weight: bold;\">Anno:<\/span> 2024<br \/>\n<span style=\"font-weight: bold;\">Cantiere: <\/span> RossiNavi<br \/>\n<span style=\"font-weight: bold;\"> Architetto Navale:<\/span>  Fulvio de Simoni <\/p>\n","protected":false},"featured_media":14340,"template":"","meta":{"site-sidebar-layout":"default","site-content-layout":"","ast-site-content-layout":"default","site-content-style":"default","site-sidebar-style":"default","ast-global-header-display":"","ast-banner-title-visibility":"","ast-main-header-display":"","ast-hfb-above-header-display":"","ast-hfb-below-header-display":"","ast-hfb-mobile-header-display":"","site-post-title":"","ast-breadcrumbs-content":"","ast-featured-img":"","footer-sml-layout":"","theme-transparent-header-meta":"default","adv-header-id-meta":"","stick-header-meta":"default","header-above-stick-meta":"","header-main-stick-meta":"","header-below-stick-meta":"","astra-migrate-meta-layouts":"set","ast-page-background-enabled":"default","ast-page-background-meta":{"desktop":{"background-color":"var(--ast-global-color-4)","background-image":"","background-repeat":"repeat","background-position":"center center","background-size":"auto","background-attachment":"scroll","background-type":"","background-media":"","overlay-type":"","overlay-color":"","overlay-opacity":"","overlay-gradient":""},"tablet":{"background-color":"","background-image":"","background-repeat":"repeat","background-position":"center center","background-size":"auto","background-attachment":"scroll","background-type":"","background-media":"","overlay-type":"","overlay-color":"","overlay-opacity":"","overlay-gradient":""},"mobile":{"background-color":"","background-image":"","background-repeat":"repeat","background-position":"center center","background-size":"auto","background-attachment":"scroll","background-type":"","background-media":"","overlay-type":"","overlay-color":"","overlay-opacity":"","overlay-gradient":""}},"ast-content-background-meta":{"desktop":{"background-color":"var(--ast-global-color-5)","background-image":"","background-repeat":"repeat","background-position":"center center","background-size":"auto","background-attachment":"scroll","background-type":"","background-media":"","overlay-type":"","overlay-color":"","overlay-opacity":"","overlay-gradient":""},"tablet":{"background-color":"var(--ast-global-color-5)","background-image":"","background-repeat":"repeat","background-position":"center center","background-size":"auto","background-attachment":"scroll","background-type":"","background-media":"","overlay-type":"","overlay-color":"","overlay-opacity":"","overlay-gradient":""},"mobile":{"background-color":"var(--ast-global-color-5)","background-image":"","background-repeat":"repeat","background-position":"center center","background-size":"auto","background-attachment":"scroll","background-type":"","background-media":"","overlay-type":"","overlay-color":"","overlay-opacity":"","overlay-gradient":""}},"_joinchat":[]},"product_cat":[81,1145,41,48,77,76,90,59,85,84,87,836,1137,772,92,53,54,1324,55],"product_tag":[519,1048,498,521,1082,1102,520],"class_list":{"0":"post-9913","1":"product","2":"type-product","3":"status-publish","4":"has-post-thumbnail","6":"product_cat-noleggio-yacht-bonifacio","7":"product_cat-noleggio-cannes","8":"product_cat-noleggio-yacht-caraibi","9":"product_cat-catamarano-noleggio","10":"product_cat-noleggio-yacht-corsica","11":"product_cat-noleggio-yacht-costa-azzurra","12":"product_cat-noleggio-yacht-costiera-amalfitana","13":"product_cat-noleggio-yacht-croazia","14":"product_cat-noleggio-yacht-ibiza","15":"product_cat-noleggio-yacht-isole-baleari","16":"product_cat-noleggio-yacht-liguria","17":"product_cat-noleggio-yacht-maiorca","18":"product_cat-noleggio-yacht-monaco","19":"product_cat-noleggio-yacht-porto-cervo","20":"product_cat-noleggio-yacht-sardegna","21":"product_cat-noleggio-yacht-solare","22":"product_cat-noleggio-yacht-elettrico","23":"product_cat-yacht-green","24":"product_cat-noleggio-yacht-ibrido","25":"product_tag-catamarano","26":"product_tag-catamarano-motore","27":"product_tag-34mt-50mt","28":"product_tag-mega-yacht","29":"product_tag-pannelli-solari","30":"product_tag-yacht-con-equipaggio","31":"product_tag-yacht-green","32":"pa_cantieri-rossinavi","33":"pa_lunghezza-42-mt","34":"desktop-align-left","35":"tablet-align-left","36":"mobile-align-left","38":"first","39":"instock","40":"shipping-taxable","41":"product-type-simple"},"acf":[],"_links":{"self":[{"href":"https:\/\/verdeblu.com\/it\/wp-json\/wp\/v2\/product\/9913","targetHints":{"allow":["GET"]}}],"collection":[{"href":"https:\/\/verdeblu.com\/it\/wp-json\/wp\/v2\/product"}],"about":[{"href":"https:\/\/verdeblu.com\/it\/wp-json\/wp\/v2\/types\/product"}],"wp:featuredmedia":[{"embeddable":true,"href":"https:\/\/verdeblu.com\/it\/wp-json\/wp\/v2\/media\/14340"}],"wp:attachment":[{"href":"https:\/\/verdeblu.com\/it\/wp-json\/wp\/v2\/media?parent=9913"}],"wp:term":[{"taxonomy":"product_cat","embeddable":true,"href":"https:\/\/verdeblu.com\/it\/wp-json\/wp\/v2\/product_cat?post=9913"},{"taxonomy":"product_tag","embeddable":true,"href":"https:\/\/verdeblu.com\/it\/wp-json\/wp\/v2\/product_tag?post=9913"}],"curies":[{"name":"wp","href":"https:\/\/api.w.org\/{rel}","templated":true}]}}